{"id":700,"date":"2023-03-20T11:46:00","date_gmt":"2023-03-20T10:46:00","guid":{"rendered":"https:\/\/www.track.es\/allotjament-web\/"},"modified":"2023-12-21T16:04:35","modified_gmt":"2023-12-21T15:04:35","slug":"allotjament-web","status":"publish","type":"page","link":"https:\/\/www.track.es\/ca\/allotjament-web\/","title":{"rendered":"Allotjament web"},"content":{"rendered":"\t\t<div data-elementor-type=\"wp-page\" data-elementor-id=\"700\" class=\"elementor elementor-700 elementor-462\" data-elementor-post-type=\"page\">\n\t\t\t\t\t\t<section class=\"elementor-section elementor-top-section elementor-element elementor-element-22f358c1 elementor-section-boxed elementor-section-height-default elementor-section-height-default\" data-id=\"22f358c1\" data-element_type=\"section\">\n\t\t\t\t\t\t<div class=\"elementor-container elementor-column-gap-default\">\n\t\t\t\t\t<div class=\"elementor-column elementor-col-100 elementor-top-column elementor-element elementor-element-66f58360\" data-id=\"66f58360\" data-element_type=\"column\">\n\t\t\t<div class=\"elementor-widget-wrap elementor-element-populated\">\n\t\t\t\t\t\t<section class=\"elementor-section elementor-inner-section elementor-element elementor-element-1c447211 elementor-section-content-middle elementor-reverse-mobile elementor-section-boxed elementor-section-height-default elementor-section-height-default\" data-id=\"1c447211\" data-element_type=\"section\">\n\t\t\t\t\t\t<div class=\"elementor-container elementor-column-gap-default\">\n\t\t\t\t\t<div class=\"elementor-column elementor-col-33 elementor-inner-column elementor-element elementor-element-2e743516\" data-id=\"2e743516\" data-element_type=\"column\">\n\t\t\t<div class=\"elementor-widget-wrap elementor-element-populated\">\n\t\t\t\t\t\t<div class=\"elementor-element elementor-element-afc1959 elementor-widget elementor-widget-image\" data-id=\"afc1959\" data-element_type=\"widget\" data-widget_type=\"image.default\">\n\t\t\t\t<div class=\"elementor-widget-container\">\n\t\t\t\t\t\t\t\t\t\t\t\t\t\t\t<img fetchpriority=\"high\" decoding=\"async\" width=\"800\" height=\"534\" src=\"https:\/\/www.track.es\/wp-content\/uploads\/2023\/03\/hosting_track.jpeg\" class=\"attachment-large size-large wp-image-468\" alt=\"\" srcset=\"https:\/\/www.track.es\/wp-content\/uploads\/2023\/03\/hosting_track.jpeg 850w, https:\/\/www.track.es\/wp-content\/uploads\/2023\/03\/hosting_track-300x200.jpeg 300w, https:\/\/www.track.es\/wp-content\/uploads\/2023\/03\/hosting_track-768x512.jpeg 768w\" sizes=\"(max-width: 800px) 100vw, 800px\" \/>\t\t\t\t\t\t\t\t\t\t\t\t\t\t\t<\/div>\n\t\t\t\t<\/div>\n\t\t\t\t\t<\/div>\n\t\t<\/div>\n\t\t\t\t<div class=\"elementor-column elementor-col-66 elementor-inner-column elementor-element elementor-element-583bd97\" data-id=\"583bd97\" data-element_type=\"column\">\n\t\t\t<div class=\"elementor-widget-wrap elementor-element-populated\">\n\t\t\t\t\t\t<div class=\"elementor-element elementor-element-5e0db5ba elementor-widget elementor-widget-heading\" data-id=\"5e0db5ba\" data-element_type=\"widget\" data-widget_type=\"heading.default\">\n\t\t\t\t<div class=\"elementor-widget-container\">\n\t\t\t\t\t<h2 class=\"elementor-heading-title elementor-size-default\">Hosting \/ Allotjament web<\/h2>\t\t\t\t<\/div>\n\t\t\t\t<\/div>\n\t\t\t\t<div class=\"elementor-element elementor-element-1be4a0bc elementor-widget elementor-widget-text-editor\" data-id=\"1be4a0bc\" data-element_type=\"widget\" data-widget_type=\"text-editor.default\">\n\t\t\t\t<div class=\"elementor-widget-container\">\n\t\t\t\t\t\t\t\t\t<p>TRACK porta prestant aquest servei des de fa m\u00e9s de 15 anys i la seva qualitat \u00e9s una prioritat a la nostra empresa. Podem oferir-ho tant amb servidors dedicats com compartits. <\/p>\n<p>Estem en un proc\u00e9s continu de modernitzaci\u00f3 i oferim una infraestructura de xarxa s\u00f2lida i fiable per proporcionar serveis d&#8217;allotjament als clients.<\/p>\n<p>Disposem d&#8217;equips d&#8217;alimentaci\u00f3 el\u00e8ctrica aut\u00f2noms a la xarxa i col\u00b7laborem amb els millors operadors possibles per oferir un ampli de banda de qualitat i continu.<br \/>Tota la nostra xarxa est\u00e0 redundada a nivell de routers i switches centrals, aix\u00ed com els nostres prove\u00efdors d&#8217;internet. D&#8217;aquesta manera, evitem possibles interrupcions del servei, oferint m\u00e0xima qualitat i estabilitat en tot el nostre entorn. La nostra base de negoci \u00e9s la connectivitat, escalabilitat i estabilitat.  <\/p>\n\t\t\t\t\t\t\t\t<\/div>\n\t\t\t\t<\/div>\n\t\t\t\t\t<\/div>\n\t\t<\/div>\n\t\t\t\t\t<\/div>\n\t\t<\/section>\n\t\t\t\t\t<\/div>\n\t\t<\/div>\n\t\t\t\t\t<\/div>\n\t\t<\/section>\n\t\t\t\t<section class=\"elementor-section elementor-top-section elementor-element elementor-element-24877568 elementor-section-boxed elementor-section-height-default elementor-section-height-default\" data-id=\"24877568\" data-element_type=\"section\">\n\t\t\t\t\t\t<div class=\"elementor-container elementor-column-gap-default\">\n\t\t\t\t\t<div class=\"elementor-column elementor-col-50 elementor-top-column elementor-element elementor-element-27c10d4d\" data-id=\"27c10d4d\" data-element_type=\"column\">\n\t\t\t<div class=\"elementor-widget-wrap elementor-element-populated\">\n\t\t\t\t\t\t<div class=\"elementor-element elementor-element-58911a66 elementor-widget elementor-widget-heading\" data-id=\"58911a66\" data-element_type=\"widget\" data-widget_type=\"heading.default\">\n\t\t\t\t<div class=\"elementor-widget-container\">\n\t\t\t\t\t<h3 class=\"elementor-heading-title elementor-size-default\">El seu domini a Internet<\/h3>\t\t\t\t<\/div>\n\t\t\t\t<\/div>\n\t\t\t\t<div class=\"elementor-element elementor-element-4d3f747 elementor-widget elementor-widget-text-editor\" data-id=\"4d3f747\" data-element_type=\"widget\" data-widget_type=\"text-editor.default\">\n\t\t\t\t<div class=\"elementor-widget-container\">\n\t\t\t\t\t\t\t\t\t<p>Track ha registrat m\u00e9s de 500 dominis per als seus clients. El nostre client ens delega totes aquelles tasques relatives al registre, gesti\u00f3 i manteniment dels seus dominis, aix\u00ed com la gesti\u00f3 de l&#8217;allotjament dels seus projectes web. <\/p>\n<p>Podem realitzar el registre i les gestions de dominis de totes aquelles extensions que necessiti i\/o desitgi. Asseguri la seva pres\u00e8ncia a Internet. \u00c9s b\u00e0sic tenir registrat el nom del seu domini per al seu negoci o marca comercial.  <\/p>\n<p>Li gestionem les DNS del seu domini sense cap cost addicional i li garantim l&#8217;activaci\u00f3 immediata dels seus dominis.<\/p>\n<p>Les extensions m\u00e9s habituals s\u00f3n:<\/p>\n<p>.com .es .net .info .cat .eu .mobi .tel<\/p>\n<p>Registri el seu domini amb TRACK, tot seran avantatges.<\/p>\n<p>Consulti m\u00e9s extensions disponibles&#8230;<\/p>\n\t\t\t\t\t\t\t\t<\/div>\n\t\t\t\t<\/div>\n\t\t\t\t<div class=\"elementor-element elementor-element-28de0cd elementor-widget elementor-widget-heading\" data-id=\"28de0cd\" data-element_type=\"widget\" data-widget_type=\"heading.default\">\n\t\t\t\t<div class=\"elementor-widget-container\">\n\t\t\t\t\t<h3 class=\"elementor-heading-title elementor-size-default\">Si necessita un domini o diversos, pot fer-nos la consulta. Envii'ns els dominis que necessita i de seguida li respondrem. <\/h3>\t\t\t\t<\/div>\n\t\t\t\t<\/div>\n\t\t\t\t\t<\/div>\n\t\t<\/div>\n\t\t\t\t<div class=\"elementor-column elementor-col-50 elementor-top-column elementor-element elementor-element-4c612a5b\" data-id=\"4c612a5b\" data-element_type=\"column\">\n\t\t\t<div class=\"elementor-widget-wrap elementor-element-populated\">\n\t\t\t\t\t\t<div class=\"elementor-element elementor-element-7d48f92f elementor-widget elementor-widget-template\" data-id=\"7d48f92f\" data-element_type=\"widget\" data-widget_type=\"template.default\">\n\t\t\t\t<div class=\"elementor-widget-container\">\n\t\t\t\t\t\t\t<div class=\"elementor-template\">\n\t\t\t\t\t<div data-elementor-type=\"section\" data-elementor-id=\"244\" class=\"elementor elementor-244\" data-elementor-post-type=\"elementor_library\">\n\t\t\t\t\t<section class=\"elementor-section elementor-top-section elementor-element elementor-element-4b9424c elementor-section-boxed elementor-section-height-default elementor-section-height-default\" data-id=\"4b9424c\" data-element_type=\"section\">\n\t\t\t\t\t\t<div class=\"elementor-container elementor-column-gap-no\">\n\t\t\t\t\t<div class=\"elementor-column elementor-col-100 elementor-top-column elementor-element elementor-element-01e26ca\" data-id=\"01e26ca\" data-element_type=\"column\">\n\t\t\t<div class=\"elementor-widget-wrap elementor-element-populated\">\n\t\t\t\t\t\t<section class=\"elementor-section elementor-inner-section elementor-element elementor-element-1aa92d9 elementor-section-boxed elementor-section-height-default elementor-section-height-default\" data-id=\"1aa92d9\" data-element_type=\"section\" data-settings=\"{&quot;background_background&quot;:&quot;classic&quot;}\">\n\t\t\t\t\t\t<div class=\"elementor-container elementor-column-gap-default\">\n\t\t\t\t\t<div class=\"elementor-column elementor-col-100 elementor-inner-column elementor-element elementor-element-8bcb31e\" data-id=\"8bcb31e\" data-element_type=\"column\">\n\t\t\t<div class=\"elementor-widget-wrap elementor-element-populated\">\n\t\t\t\t\t\t<div class=\"elementor-element elementor-element-de87289 elementor-widget elementor-widget-heading\" data-id=\"de87289\" data-element_type=\"widget\" data-widget_type=\"heading.default\">\n\t\t\t\t<div class=\"elementor-widget-container\">\n\t\t\t\t\t<span class=\"elementor-heading-title elementor-size-default\">Solicite presupuesto sin compromiso<\/span>\t\t\t\t<\/div>\n\t\t\t\t<\/div>\n\t\t\t\t<div class=\"elementor-element elementor-element-c5d39b2 elementor-widget elementor-widget-text-editor\" data-id=\"c5d39b2\" data-element_type=\"widget\" data-widget_type=\"text-editor.default\">\n\t\t\t\t<div class=\"elementor-widget-container\">\n\t\t\t\t\t\t\t\t\t<p>En TRACK tenemos el servicio que se ajusta a sus necesidades.<\/p>\t\t\t\t\t\t\t\t<\/div>\n\t\t\t\t<\/div>\n\t\t\t\t<div class=\"elementor-element elementor-element-5848108 elementor-button-align-stretch elementor-widget elementor-widget-form\" data-id=\"5848108\" data-element_type=\"widget\" data-settings=\"{&quot;step_next_label&quot;:&quot;Next&quot;,&quot;step_previous_label&quot;:&quot;Previous&quot;,&quot;button_width&quot;:&quot;100&quot;,&quot;step_type&quot;:&quot;number_text&quot;,&quot;step_icon_shape&quot;:&quot;circle&quot;}\" data-widget_type=\"form.default\">\n\t\t\t\t<div class=\"elementor-widget-container\">\n\t\t\t\t\t\t\t<form class=\"elementor-form\" method=\"post\" name=\"General\">\n\t\t\t<input type=\"hidden\" name=\"post_id\" value=\"244\"\/>\n\t\t\t<input type=\"hidden\" name=\"form_id\" value=\"5848108\"\/>\n\t\t\t<input type=\"hidden\" name=\"referer_title\" value=\"Track Mantenimiento Inform\u00e1tico Integral\" \/>\n\n\t\t\t\n\t\t\t<div class=\"elementor-form-fields-wrapper elementor-labels-above\">\n\t\t\t\t\t\t\t\t<div class=\"elementor-field-type-text elementor-field-group elementor-column elementor-field-group-name elementor-col-100 elementor-field-required elementor-mark-required\">\n\t\t\t\t\t\t\t\t\t\t\t\t<label for=\"form-field-name\" class=\"elementor-field-label\">\n\t\t\t\t\t\t\t\tNombre y apellido\t\t\t\t\t\t\t<\/label>\n\t\t\t\t\t\t\t\t\t\t\t\t\t\t<input size=\"1\" type=\"text\" name=\"form_fields[name]\" id=\"form-field-name\" class=\"elementor-field elementor-size-sm  elementor-field-textual\" required=\"required\" aria-required=\"true\">\n\t\t\t\t\t\t\t\t\t\t\t<\/div>\n\t\t\t\t\t\t\t\t<div class=\"elementor-field-type-text elementor-field-group elementor-column elementor-field-group-field_38aa5de elementor-col-100\">\n\t\t\t\t\t\t\t\t\t\t\t\t<label for=\"form-field-field_38aa5de\" class=\"elementor-field-label\">\n\t\t\t\t\t\t\t\tEmpresa\t\t\t\t\t\t\t<\/label>\n\t\t\t\t\t\t\t\t\t\t\t\t\t\t<input size=\"1\" type=\"text\" name=\"form_fields[field_38aa5de]\" id=\"form-field-field_38aa5de\" class=\"elementor-field elementor-size-sm  elementor-field-textual\">\n\t\t\t\t\t\t\t\t\t\t\t<\/div>\n\t\t\t\t\t\t\t\t<div class=\"elementor-field-type-tel elementor-field-group elementor-column elementor-field-group-field_ef55a66 elementor-col-100 elementor-field-required elementor-mark-required\">\n\t\t\t\t\t\t\t\t\t\t\t\t<label for=\"form-field-field_ef55a66\" class=\"elementor-field-label\">\n\t\t\t\t\t\t\t\tTel\u00e9fono\t\t\t\t\t\t\t<\/label>\n\t\t\t\t\t\t\t\t<input size=\"1\" type=\"tel\" name=\"form_fields[field_ef55a66]\" id=\"form-field-field_ef55a66\" class=\"elementor-field elementor-size-sm  elementor-field-textual\" required=\"required\" aria-required=\"true\" pattern=\"[0-9()#&amp;+*-=.]+\" title=\"Only numbers and phone characters (#, -, *, etc) are accepted.\">\n\n\t\t\t\t\t\t<\/div>\n\t\t\t\t\t\t\t\t<div class=\"elementor-field-type-email elementor-field-group elementor-column elementor-field-group-email elementor-col-100 elementor-field-required elementor-mark-required\">\n\t\t\t\t\t\t\t\t\t\t\t\t<label for=\"form-field-email\" class=\"elementor-field-label\">\n\t\t\t\t\t\t\t\tEmail\t\t\t\t\t\t\t<\/label>\n\t\t\t\t\t\t\t\t\t\t\t\t\t\t<input size=\"1\" type=\"email\" name=\"form_fields[email]\" id=\"form-field-email\" class=\"elementor-field elementor-size-sm  elementor-field-textual\" required=\"required\" aria-required=\"true\">\n\t\t\t\t\t\t\t\t\t\t\t<\/div>\n\t\t\t\t\t\t\t\t<div class=\"elementor-field-type-textarea elementor-field-group elementor-column elementor-field-group-message elementor-col-100\">\n\t\t\t\t\t\t\t\t\t\t\t\t<label for=\"form-field-message\" class=\"elementor-field-label\">\n\t\t\t\t\t\t\t\tConsulta\t\t\t\t\t\t\t<\/label>\n\t\t\t\t\t\t<textarea class=\"elementor-field-textual elementor-field  elementor-size-sm\" name=\"form_fields[message]\" id=\"form-field-message\" rows=\"4\"><\/textarea>\t\t\t\t<\/div>\n\t\t\t\t\t\t\t\t<div class=\"elementor-field-type-acceptance elementor-field-group elementor-column elementor-field-group-field_8348eca elementor-col-100 elementor-field-required elementor-mark-required\">\n\t\t\t\t\t\t\t<div class=\"elementor-field-subgroup\">\n\t\t\t<span class=\"elementor-field-option\">\n\t\t\t\t<input type=\"checkbox\" name=\"form_fields[field_8348eca]\" id=\"form-field-field_8348eca\" class=\"elementor-field elementor-size-sm  elementor-acceptance-field\" required=\"required\" aria-required=\"true\">\n\t\t\t\t<label for=\"form-field-field_8348eca\">Acepto la pol\u00edtica de privacidad<\/label>\t\t\t<\/span>\n\t\t<\/div>\n\t\t\t\t\t\t<\/div>\n\t\t\t\t\t\t\t\t<div class=\"elementor-field-type-recaptcha_v3 elementor-field-group elementor-column elementor-field-group-field_2746ade elementor-col-100 recaptcha_v3-inline\">\n\t\t\t\t\t<div class=\"elementor-field\" id=\"form-field-field_2746ade\"><div class=\"elementor-g-recaptcha\" data-sitekey=\"6LeY8S4pAAAAADfyL8ARKQIat82C1W3izOK72dr5\" data-type=\"v3\" data-action=\"Form\" data-badge=\"inline\" data-size=\"invisible\"><\/div><\/div>\t\t\t\t<\/div>\n\t\t\t\t\t\t\t\t<div class=\"elementor-field-group elementor-column elementor-field-type-submit elementor-col-100 e-form__buttons\">\n\t\t\t\t\t<button class=\"elementor-button elementor-size-sm\" type=\"submit\">\n\t\t\t\t\t\t<span class=\"elementor-button-content-wrapper\">\n\t\t\t\t\t\t\t\t\t\t\t\t\t\t\t\t\t\t\t\t\t\t<span class=\"elementor-button-text\">ENVIAR<\/span>\n\t\t\t\t\t\t\t\t\t\t\t\t\t<\/span>\n\t\t\t\t\t<\/button>\n\t\t\t\t<\/div>\n\t\t\t<\/div>\n\t\t<\/form>\n\t\t\t\t\t\t<\/div>\n\t\t\t\t<\/div>\n\t\t\t\t\t<\/div>\n\t\t<\/div>\n\t\t\t\t\t<\/div>\n\t\t<\/section>\n\t\t\t\t\t<\/div>\n\t\t<\/div>\n\t\t\t\t\t<\/div>\n\t\t<\/section>\n\t\t\t\t<\/div>\n\t\t\t\t<\/div>\n\t\t\t\t\t\t<\/div>\n\t\t\t\t<\/div>\n\t\t\t\t\t<\/div>\n\t\t<\/div>\n\t\t\t\t\t<\/div>\n\t\t<\/section>\n\t\t\t\t<\/div>\n\t\t","protected":false},"excerpt":{"rendered":"<p>Hosting \/ Allotjament web TRACK porta prestant aquest servei des de fa m\u00e9s de 15 anys i la seva qualitat \u00e9s una prioritat a la nostra empresa. Podem oferir-ho tant amb servidors dedicats com compartits. Estem en un proc\u00e9s continu de modernitzaci\u00f3 i oferim una infraestructura de xarxa s\u00f2lida i fiable per proporcionar serveis d&#8217;allotjament [&hellip;]<\/p>\n","protected":false},"author":1,"featured_media":0,"parent":0,"menu_order":0,"comment_status":"closed","ping_status":"closed","template":"","meta":{"footnotes":""},"class_list":["post-700","page","type-page","status-publish","hentry"],"yoast_head":"<!-- This site is optimized with the Yoast SEO plugin v24.1 - https:\/\/yoast.com\/wordpress\/plugins\/seo\/ -->\n<title>Allotjament web - Track Mantenimiento Inform\u00e1tico Integral<\/title>\n<meta name=\"robots\" content=\"index, follow, max-snippet:-1, max-image-preview:large, max-video-preview:-1\" \/>\n<link rel=\"canonical\" href=\"https:\/\/www.track.es\/ca\/allotjament-web\/\" \/>\n<meta property=\"og:locale\" content=\"ca_ES\" \/>\n<meta property=\"og:type\" content=\"article\" \/>\n<meta property=\"og:title\" content=\"Allotjament web - Track Mantenimiento Inform\u00e1tico Integral\" \/>\n<meta property=\"og:description\" content=\"Hosting \/ Allotjament web TRACK porta prestant aquest servei des de fa m\u00e9s de 15 anys i la seva qualitat \u00e9s una prioritat a la nostra empresa. Podem oferir-ho tant amb servidors dedicats com compartits. Estem en un proc\u00e9s continu de modernitzaci\u00f3 i oferim una infraestructura de xarxa s\u00f2lida i fiable per proporcionar serveis d&#8217;allotjament [&hellip;]\" \/>\n<meta property=\"og:url\" content=\"https:\/\/www.track.es\/ca\/allotjament-web\/\" \/>\n<meta property=\"og:site_name\" content=\"Track Mantenimiento Inform\u00e1tico Integral\" \/>\n<meta property=\"article:modified_time\" content=\"2023-12-21T15:04:35+00:00\" \/>\n<meta property=\"og:image\" content=\"https:\/\/www.track.es\/wp-content\/uploads\/2023\/03\/hosting_track.jpeg\" \/>\n<meta name=\"twitter:card\" content=\"summary_large_image\" \/>\n<meta name=\"twitter:label1\" content=\"Temps estimat de lectura\" \/>\n\t<meta name=\"twitter:data1\" content=\"1 minut\" \/>\n<script type=\"application\/ld+json\" class=\"yoast-schema-graph\">{\"@context\":\"https:\/\/schema.org\",\"@graph\":[{\"@type\":\"WebPage\",\"@id\":\"https:\/\/www.track.es\/ca\/allotjament-web\/\",\"url\":\"https:\/\/www.track.es\/ca\/allotjament-web\/\",\"name\":\"Allotjament web - Track Mantenimiento Inform\u00e1tico Integral\",\"isPartOf\":{\"@id\":\"https:\/\/www.track.es\/#website\"},\"primaryImageOfPage\":{\"@id\":\"https:\/\/www.track.es\/ca\/allotjament-web\/#primaryimage\"},\"image\":{\"@id\":\"https:\/\/www.track.es\/ca\/allotjament-web\/#primaryimage\"},\"thumbnailUrl\":\"https:\/\/www.track.es\/wp-content\/uploads\/2023\/03\/hosting_track.jpeg\",\"datePublished\":\"2023-03-20T10:46:00+00:00\",\"dateModified\":\"2023-12-21T15:04:35+00:00\",\"breadcrumb\":{\"@id\":\"https:\/\/www.track.es\/ca\/allotjament-web\/#breadcrumb\"},\"inLanguage\":\"ca\",\"potentialAction\":[{\"@type\":\"ReadAction\",\"target\":[\"https:\/\/www.track.es\/ca\/allotjament-web\/\"]}]},{\"@type\":\"ImageObject\",\"inLanguage\":\"ca\",\"@id\":\"https:\/\/www.track.es\/ca\/allotjament-web\/#primaryimage\",\"url\":\"https:\/\/www.track.es\/wp-content\/uploads\/2023\/03\/hosting_track.jpeg\",\"contentUrl\":\"https:\/\/www.track.es\/wp-content\/uploads\/2023\/03\/hosting_track.jpeg\"},{\"@type\":\"BreadcrumbList\",\"@id\":\"https:\/\/www.track.es\/ca\/allotjament-web\/#breadcrumb\",\"itemListElement\":[{\"@type\":\"ListItem\",\"position\":1,\"name\":\"Portada\",\"item\":\"https:\/\/www.track.es\/ca\/inici\/\"},{\"@type\":\"ListItem\",\"position\":2,\"name\":\"Allotjament web\"}]},{\"@type\":\"WebSite\",\"@id\":\"https:\/\/www.track.es\/#website\",\"url\":\"https:\/\/www.track.es\/\",\"name\":\"Track Mantenimiento Inform\u00e1tico Integral\",\"description\":\"TRACK. Soluciones profesionales para el desarrollo inform\u00e1tico a empresas. Servicios inform\u00e1ticos en Barcelona y todo el territorio nacional. Visite nuestra web.\",\"publisher\":{\"@id\":\"https:\/\/www.track.es\/#organization\"},\"potentialAction\":[{\"@type\":\"SearchAction\",\"target\":{\"@type\":\"EntryPoint\",\"urlTemplate\":\"https:\/\/www.track.es\/?s={search_term_string}\"},\"query-input\":{\"@type\":\"PropertyValueSpecification\",\"valueRequired\":true,\"valueName\":\"search_term_string\"}}],\"inLanguage\":\"ca\"},{\"@type\":\"Organization\",\"@id\":\"https:\/\/www.track.es\/#organization\",\"name\":\"Track Mantenimiento Inform\u00e1tico Integral\",\"url\":\"https:\/\/www.track.es\/\",\"logo\":{\"@type\":\"ImageObject\",\"inLanguage\":\"ca\",\"@id\":\"https:\/\/www.track.es\/#\/schema\/logo\/image\/\",\"url\":\"https:\/\/www.track.es\/wp-content\/uploads\/2023\/03\/track-mantenimiento-informatico-logo.png\",\"contentUrl\":\"https:\/\/www.track.es\/wp-content\/uploads\/2023\/03\/track-mantenimiento-informatico-logo.png\",\"width\":265,\"height\":57,\"caption\":\"Track Mantenimiento Inform\u00e1tico Integral\"},\"image\":{\"@id\":\"https:\/\/www.track.es\/#\/schema\/logo\/image\/\"}}]}<\/script>\n<!-- \/ Yoast SEO plugin. -->","yoast_head_json":{"title":"Allotjament web - Track Mantenimiento Inform\u00e1tico Integral","robots":{"index":"index","follow":"follow","max-snippet":"max-snippet:-1","max-image-preview":"max-image-preview:large","max-video-preview":"max-video-preview:-1"},"canonical":"https:\/\/www.track.es\/ca\/allotjament-web\/","og_locale":"ca_ES","og_type":"article","og_title":"Allotjament web - Track Mantenimiento Inform\u00e1tico Integral","og_description":"Hosting \/ Allotjament web TRACK porta prestant aquest servei des de fa m\u00e9s de 15 anys i la seva qualitat \u00e9s una prioritat a la nostra empresa. Podem oferir-ho tant amb servidors dedicats com compartits. Estem en un proc\u00e9s continu de modernitzaci\u00f3 i oferim una infraestructura de xarxa s\u00f2lida i fiable per proporcionar serveis d&#8217;allotjament [&hellip;]","og_url":"https:\/\/www.track.es\/ca\/allotjament-web\/","og_site_name":"Track Mantenimiento Inform\u00e1tico Integral","article_modified_time":"2023-12-21T15:04:35+00:00","og_image":[{"url":"https:\/\/www.track.es\/wp-content\/uploads\/2023\/03\/hosting_track.jpeg","type":"","width":"","height":""}],"twitter_card":"summary_large_image","twitter_misc":{"Temps estimat de lectura":"1 minut"},"schema":{"@context":"https:\/\/schema.org","@graph":[{"@type":"WebPage","@id":"https:\/\/www.track.es\/ca\/allotjament-web\/","url":"https:\/\/www.track.es\/ca\/allotjament-web\/","name":"Allotjament web - Track Mantenimiento Inform\u00e1tico Integral","isPartOf":{"@id":"https:\/\/www.track.es\/#website"},"primaryImageOfPage":{"@id":"https:\/\/www.track.es\/ca\/allotjament-web\/#primaryimage"},"image":{"@id":"https:\/\/www.track.es\/ca\/allotjament-web\/#primaryimage"},"thumbnailUrl":"https:\/\/www.track.es\/wp-content\/uploads\/2023\/03\/hosting_track.jpeg","datePublished":"2023-03-20T10:46:00+00:00","dateModified":"2023-12-21T15:04:35+00:00","breadcrumb":{"@id":"https:\/\/www.track.es\/ca\/allotjament-web\/#breadcrumb"},"inLanguage":"ca","potentialAction":[{"@type":"ReadAction","target":["https:\/\/www.track.es\/ca\/allotjament-web\/"]}]},{"@type":"ImageObject","inLanguage":"ca","@id":"https:\/\/www.track.es\/ca\/allotjament-web\/#primaryimage","url":"https:\/\/www.track.es\/wp-content\/uploads\/2023\/03\/hosting_track.jpeg","contentUrl":"https:\/\/www.track.es\/wp-content\/uploads\/2023\/03\/hosting_track.jpeg"},{"@type":"BreadcrumbList","@id":"https:\/\/www.track.es\/ca\/allotjament-web\/#breadcrumb","itemListElement":[{"@type":"ListItem","position":1,"name":"Portada","item":"https:\/\/www.track.es\/ca\/inici\/"},{"@type":"ListItem","position":2,"name":"Allotjament web"}]},{"@type":"WebSite","@id":"https:\/\/www.track.es\/#website","url":"https:\/\/www.track.es\/","name":"Track Mantenimiento Inform\u00e1tico Integral","description":"TRACK. Soluciones profesionales para el desarrollo inform\u00e1tico a empresas. Servicios inform\u00e1ticos en Barcelona y todo el territorio nacional. Visite nuestra web.","publisher":{"@id":"https:\/\/www.track.es\/#organization"},"potentialAction":[{"@type":"SearchAction","target":{"@type":"EntryPoint","urlTemplate":"https:\/\/www.track.es\/?s={search_term_string}"},"query-input":{"@type":"PropertyValueSpecification","valueRequired":true,"valueName":"search_term_string"}}],"inLanguage":"ca"},{"@type":"Organization","@id":"https:\/\/www.track.es\/#organization","name":"Track Mantenimiento Inform\u00e1tico Integral","url":"https:\/\/www.track.es\/","logo":{"@type":"ImageObject","inLanguage":"ca","@id":"https:\/\/www.track.es\/#\/schema\/logo\/image\/","url":"https:\/\/www.track.es\/wp-content\/uploads\/2023\/03\/track-mantenimiento-informatico-logo.png","contentUrl":"https:\/\/www.track.es\/wp-content\/uploads\/2023\/03\/track-mantenimiento-informatico-logo.png","width":265,"height":57,"caption":"Track Mantenimiento Inform\u00e1tico Integral"},"image":{"@id":"https:\/\/www.track.es\/#\/schema\/logo\/image\/"}}]}},"_links":{"self":[{"href":"https:\/\/www.track.es\/ca\/wp-json\/wp\/v2\/pages\/700","targetHints":{"allow":["GET"]}}],"collection":[{"href":"https:\/\/www.track.es\/ca\/wp-json\/wp\/v2\/pages"}],"about":[{"href":"https:\/\/www.track.es\/ca\/wp-json\/wp\/v2\/types\/page"}],"author":[{"embeddable":true,"href":"https:\/\/www.track.es\/ca\/wp-json\/wp\/v2\/users\/1"}],"replies":[{"embeddable":true,"href":"https:\/\/www.track.es\/ca\/wp-json\/wp\/v2\/comments?post=700"}],"version-history":[{"count":3,"href":"https:\/\/www.track.es\/ca\/wp-json\/wp\/v2\/pages\/700\/revisions"}],"predecessor-version":[{"id":820,"href":"https:\/\/www.track.es\/ca\/wp-json\/wp\/v2\/pages\/700\/revisions\/820"}],"wp:attachment":[{"href":"https:\/\/www.track.es\/ca\/wp-json\/wp\/v2\/media?parent=700"}],"curies":[{"name":"wp","href":"https:\/\/api.w.org\/{rel}","templated":true}]}}