{"id":702,"date":"2023-03-20T10:04:32","date_gmt":"2023-03-20T09:04:32","guid":{"rendered":"https:\/\/www.track.es\/antivirus\/"},"modified":"2023-12-18T12:16:52","modified_gmt":"2023-12-18T11:16:52","slug":"antivirus","status":"publish","type":"page","link":"https:\/\/www.track.es\/ca\/antivirus\/","title":{"rendered":"Antivirus"},"content":{"rendered":"\t\t<div data-elementor-type=\"wp-page\" data-elementor-id=\"702\" class=\"elementor elementor-702 elementor-353\" data-elementor-post-type=\"page\">\n\t\t\t\t\t\t<section class=\"elementor-section elementor-top-section elementor-element elementor-element-223f8bd9 elementor-section-boxed elementor-section-height-default elementor-section-height-default\" data-id=\"223f8bd9\" data-element_type=\"section\">\n\t\t\t\t\t\t<div class=\"elementor-container elementor-column-gap-default\">\n\t\t\t\t\t<div class=\"elementor-column elementor-col-100 elementor-top-column elementor-element elementor-element-6f7ac5e\" data-id=\"6f7ac5e\" data-element_type=\"column\">\n\t\t\t<div class=\"elementor-widget-wrap elementor-element-populated\">\n\t\t\t\t\t\t<section class=\"elementor-section elementor-inner-section elementor-element elementor-element-4e66c5c5 elementor-section-content-middle elementor-reverse-mobile elementor-section-boxed elementor-section-height-default elementor-section-height-default\" data-id=\"4e66c5c5\" data-element_type=\"section\">\n\t\t\t\t\t\t<div class=\"elementor-container elementor-column-gap-default\">\n\t\t\t\t\t<div class=\"elementor-column elementor-col-33 elementor-inner-column elementor-element elementor-element-1b4c5cd6\" data-id=\"1b4c5cd6\" data-element_type=\"column\">\n\t\t\t<div class=\"elementor-widget-wrap elementor-element-populated\">\n\t\t\t\t\t\t<div class=\"elementor-element elementor-element-18ed4e9c elementor-widget elementor-widget-image\" data-id=\"18ed4e9c\" data-element_type=\"widget\" data-widget_type=\"image.default\">\n\t\t\t\t<div class=\"elementor-widget-container\">\n\t\t\t\t\t\t\t\t\t\t\t\t\t\t\t<img fetchpriority=\"high\" decoding=\"async\" width=\"800\" height=\"534\" src=\"https:\/\/www.track.es\/wp-content\/uploads\/2023\/03\/track_antivirus-1024x683.webp\" class=\"attachment-large size-large wp-image-359\" alt=\"\" srcset=\"https:\/\/www.track.es\/wp-content\/uploads\/2023\/03\/track_antivirus-1024x683.webp 1024w, https:\/\/www.track.es\/wp-content\/uploads\/2023\/03\/track_antivirus-300x200.webp 300w, https:\/\/www.track.es\/wp-content\/uploads\/2023\/03\/track_antivirus-768x512.webp 768w, https:\/\/www.track.es\/wp-content\/uploads\/2023\/03\/track_antivirus-1536x1024.webp 1536w, https:\/\/www.track.es\/wp-content\/uploads\/2023\/03\/track_antivirus.webp 1920w\" sizes=\"(max-width: 800px) 100vw, 800px\" \/>\t\t\t\t\t\t\t\t\t\t\t\t\t\t\t<\/div>\n\t\t\t\t<\/div>\n\t\t\t\t\t<\/div>\n\t\t<\/div>\n\t\t\t\t<div class=\"elementor-column elementor-col-66 elementor-inner-column elementor-element elementor-element-2975f75f\" data-id=\"2975f75f\" data-element_type=\"column\">\n\t\t\t<div class=\"elementor-widget-wrap elementor-element-populated\">\n\t\t\t\t\t\t<div class=\"elementor-element elementor-element-635ca955 elementor-widget elementor-widget-heading\" data-id=\"635ca955\" data-element_type=\"widget\" data-widget_type=\"heading.default\">\n\t\t\t\t<div class=\"elementor-widget-container\">\n\t\t\t\t\t<h2 class=\"elementor-heading-title elementor-size-default\">Instal\u00b7laci\u00f3 i manteniment d'Antivirus<\/h2>\t\t\t\t<\/div>\n\t\t\t\t<\/div>\n\t\t\t\t<div class=\"elementor-element elementor-element-5dc9e8cd elementor-widget elementor-widget-text-editor\" data-id=\"5dc9e8cd\" data-element_type=\"widget\" data-widget_type=\"text-editor.default\">\n\t\t\t\t<div class=\"elementor-widget-container\">\n\t\t\t\t\t\t\t\t\t<p>A TRACK proposem solucions segons les necessitats del client, recomanant l&#8217;\u00fas d&#8217;Antivirus generats del tipus Cloud Computing.<\/p>\n<p>Complementem el programari antivirus amb diverses solucions de neteja del malware causades per la navegaci\u00f3 a Internet. Actualment, hi ha una gran varietat de cercadors i barres de navegaci\u00f3 que poden fer gaireb\u00e9 impossible l&#8217;\u00fas dels navegadors d&#8217;Internet, de manera que no nom\u00e9s els virus provoquen lentitud en els equips. <\/p>\n<p>Mantingui sempre neta la seva infraestructura inform\u00e0tica amb el nostre servei d&#8217;instal\u00b7laci\u00f3 i manteniment d&#8217;antivirus.<\/p>\n\t\t\t\t\t\t\t\t<\/div>\n\t\t\t\t<\/div>\n\t\t\t\t\t<\/div>\n\t\t<\/div>\n\t\t\t\t\t<\/div>\n\t\t<\/section>\n\t\t\t\t\t<\/div>\n\t\t<\/div>\n\t\t\t\t\t<\/div>\n\t\t<\/section>\n\t\t\t\t<section class=\"elementor-section elementor-top-section elementor-element elementor-element-27b2a5e2 elementor-section-boxed elementor-section-height-default elementor-section-height-default\" data-id=\"27b2a5e2\" data-element_type=\"section\">\n\t\t\t\t\t\t<div class=\"elementor-container elementor-column-gap-default\">\n\t\t\t\t\t<div class=\"elementor-column elementor-col-50 elementor-top-column elementor-element elementor-element-10a5e2a0\" data-id=\"10a5e2a0\" data-element_type=\"column\">\n\t\t\t<div class=\"elementor-widget-wrap elementor-element-populated\">\n\t\t\t\t\t\t<div class=\"elementor-element elementor-element-7833005a elementor-widget elementor-widget-heading\" data-id=\"7833005a\" data-element_type=\"widget\" data-widget_type=\"heading.default\">\n\t\t\t\t<div class=\"elementor-widget-container\">\n\t\t\t\t\t<h3 class=\"elementor-heading-title elementor-size-default\">Informaci\u00f3 d'inter\u00e8s<\/h3>\t\t\t\t<\/div>\n\t\t\t\t<\/div>\n\t\t\t\t<div class=\"elementor-element elementor-element-5abb7f8 elementor-widget elementor-widget-text-editor\" data-id=\"5abb7f8\" data-element_type=\"widget\" data-widget_type=\"text-editor.default\">\n\t\t\t\t<div class=\"elementor-widget-container\">\n\t\t\t\t\t\t\t\t\t<p>Cada vegada \u00e9s m\u00e9s important tenir instal\u00b7lat un antivirus al PC, i encara \u00e9s m\u00e9s important tenir-lo actualitzat per evitar futures incid\u00e8ncies.<\/p>\n<p>Tamb\u00e9 cal tenir en compte que el millor antivirus \u00e9s el sentit com\u00fa a l&#8217;hora de navegar per Internet, aix\u00ed com de revisar el correu electr\u00f2nic de manera peri\u00f2dica. Cal ser conscients que un antivirus ajuda a protegir el teu equip davant amenaces, per\u00f2 no \u00e9s infal\u00b7lible; no est\u00e0 protegit al 100%, pot tenir vulnerabilitats en el sistema. <\/p>\n<p>En l&#8217;actualitat hi ha una gran varietat de virus o malwares, per la qual cosa \u00e9s important definir el programari antivirus correcte segons el tipus d&#8217;\u00fas que se li donar\u00e0 a l&#8217;equip.<\/p>\n<p>Instal\u00b7lar un antivirus molt potent pot provocar que l&#8217;\u00fas de l&#8217;equip sigui gaireb\u00e9 impossible, o b\u00e9, al contrari, instal\u00b7lar un antivirus gratu\u00eft pot provocar lentitud a l&#8217;equip.<\/p>\n\t\t\t\t\t\t\t\t<\/div>\n\t\t\t\t<\/div>\n\t\t\t\t\t<\/div>\n\t\t<\/div>\n\t\t\t\t<div class=\"elementor-column elementor-col-50 elementor-top-column elementor-element elementor-element-74e0766\" data-id=\"74e0766\" data-element_type=\"column\">\n\t\t\t<div class=\"elementor-widget-wrap elementor-element-populated\">\n\t\t\t\t\t\t<div class=\"elementor-element elementor-element-889e2f7 elementor-widget elementor-widget-template\" data-id=\"889e2f7\" data-element_type=\"widget\" data-widget_type=\"template.default\">\n\t\t\t\t<div class=\"elementor-widget-container\">\n\t\t\t\t\t\t\t<div class=\"elementor-template\">\n\t\t\t\t\t<div data-elementor-type=\"section\" data-elementor-id=\"244\" class=\"elementor elementor-244\" data-elementor-post-type=\"elementor_library\">\n\t\t\t\t\t<section class=\"elementor-section elementor-top-section elementor-element elementor-element-4b9424c elementor-section-boxed elementor-section-height-default elementor-section-height-default\" data-id=\"4b9424c\" data-element_type=\"section\">\n\t\t\t\t\t\t<div class=\"elementor-container elementor-column-gap-no\">\n\t\t\t\t\t<div class=\"elementor-column elementor-col-100 elementor-top-column elementor-element elementor-element-01e26ca\" data-id=\"01e26ca\" data-element_type=\"column\">\n\t\t\t<div class=\"elementor-widget-wrap elementor-element-populated\">\n\t\t\t\t\t\t<section class=\"elementor-section elementor-inner-section elementor-element elementor-element-1aa92d9 elementor-section-boxed elementor-section-height-default elementor-section-height-default\" data-id=\"1aa92d9\" data-element_type=\"section\" data-settings=\"{&quot;background_background&quot;:&quot;classic&quot;}\">\n\t\t\t\t\t\t<div class=\"elementor-container elementor-column-gap-default\">\n\t\t\t\t\t<div class=\"elementor-column elementor-col-100 elementor-inner-column elementor-element elementor-element-8bcb31e\" data-id=\"8bcb31e\" data-element_type=\"column\">\n\t\t\t<div class=\"elementor-widget-wrap elementor-element-populated\">\n\t\t\t\t\t\t<div class=\"elementor-element elementor-element-de87289 elementor-widget elementor-widget-heading\" data-id=\"de87289\" data-element_type=\"widget\" data-widget_type=\"heading.default\">\n\t\t\t\t<div class=\"elementor-widget-container\">\n\t\t\t\t\t<span class=\"elementor-heading-title elementor-size-default\">Solicite presupuesto sin compromiso<\/span>\t\t\t\t<\/div>\n\t\t\t\t<\/div>\n\t\t\t\t<div class=\"elementor-element elementor-element-c5d39b2 elementor-widget elementor-widget-text-editor\" data-id=\"c5d39b2\" data-element_type=\"widget\" data-widget_type=\"text-editor.default\">\n\t\t\t\t<div class=\"elementor-widget-container\">\n\t\t\t\t\t\t\t\t\t<p>En TRACK tenemos el servicio que se ajusta a sus necesidades.<\/p>\t\t\t\t\t\t\t\t<\/div>\n\t\t\t\t<\/div>\n\t\t\t\t<div class=\"elementor-element elementor-element-5848108 elementor-button-align-stretch elementor-widget elementor-widget-form\" data-id=\"5848108\" data-element_type=\"widget\" data-settings=\"{&quot;step_next_label&quot;:&quot;Next&quot;,&quot;step_previous_label&quot;:&quot;Previous&quot;,&quot;button_width&quot;:&quot;100&quot;,&quot;step_type&quot;:&quot;number_text&quot;,&quot;step_icon_shape&quot;:&quot;circle&quot;}\" data-widget_type=\"form.default\">\n\t\t\t\t<div class=\"elementor-widget-container\">\n\t\t\t\t\t\t\t<form class=\"elementor-form\" method=\"post\" name=\"General\">\n\t\t\t<input type=\"hidden\" name=\"post_id\" value=\"244\"\/>\n\t\t\t<input type=\"hidden\" name=\"form_id\" value=\"5848108\"\/>\n\t\t\t<input type=\"hidden\" name=\"referer_title\" value=\"Track Mantenimiento Inform\u00e1tico Integral\" \/>\n\n\t\t\t\n\t\t\t<div class=\"elementor-form-fields-wrapper elementor-labels-above\">\n\t\t\t\t\t\t\t\t<div class=\"elementor-field-type-text elementor-field-group elementor-column elementor-field-group-name elementor-col-100 elementor-field-required elementor-mark-required\">\n\t\t\t\t\t\t\t\t\t\t\t\t<label for=\"form-field-name\" class=\"elementor-field-label\">\n\t\t\t\t\t\t\t\tNombre y apellido\t\t\t\t\t\t\t<\/label>\n\t\t\t\t\t\t\t\t\t\t\t\t\t\t<input size=\"1\" type=\"text\" name=\"form_fields[name]\" id=\"form-field-name\" class=\"elementor-field elementor-size-sm  elementor-field-textual\" required=\"required\" aria-required=\"true\">\n\t\t\t\t\t\t\t\t\t\t\t<\/div>\n\t\t\t\t\t\t\t\t<div class=\"elementor-field-type-text elementor-field-group elementor-column elementor-field-group-field_38aa5de elementor-col-100\">\n\t\t\t\t\t\t\t\t\t\t\t\t<label for=\"form-field-field_38aa5de\" class=\"elementor-field-label\">\n\t\t\t\t\t\t\t\tEmpresa\t\t\t\t\t\t\t<\/label>\n\t\t\t\t\t\t\t\t\t\t\t\t\t\t<input size=\"1\" type=\"text\" name=\"form_fields[field_38aa5de]\" id=\"form-field-field_38aa5de\" class=\"elementor-field elementor-size-sm  elementor-field-textual\">\n\t\t\t\t\t\t\t\t\t\t\t<\/div>\n\t\t\t\t\t\t\t\t<div class=\"elementor-field-type-tel elementor-field-group elementor-column elementor-field-group-field_ef55a66 elementor-col-100 elementor-field-required elementor-mark-required\">\n\t\t\t\t\t\t\t\t\t\t\t\t<label for=\"form-field-field_ef55a66\" class=\"elementor-field-label\">\n\t\t\t\t\t\t\t\tTel\u00e9fono\t\t\t\t\t\t\t<\/label>\n\t\t\t\t\t\t\t\t<input size=\"1\" type=\"tel\" name=\"form_fields[field_ef55a66]\" id=\"form-field-field_ef55a66\" class=\"elementor-field elementor-size-sm  elementor-field-textual\" required=\"required\" aria-required=\"true\" pattern=\"[0-9()#&amp;+*-=.]+\" title=\"Only numbers and phone characters (#, -, *, etc) are accepted.\">\n\n\t\t\t\t\t\t<\/div>\n\t\t\t\t\t\t\t\t<div class=\"elementor-field-type-email elementor-field-group elementor-column elementor-field-group-email elementor-col-100 elementor-field-required elementor-mark-required\">\n\t\t\t\t\t\t\t\t\t\t\t\t<label for=\"form-field-email\" class=\"elementor-field-label\">\n\t\t\t\t\t\t\t\tEmail\t\t\t\t\t\t\t<\/label>\n\t\t\t\t\t\t\t\t\t\t\t\t\t\t<input size=\"1\" type=\"email\" name=\"form_fields[email]\" id=\"form-field-email\" class=\"elementor-field elementor-size-sm  elementor-field-textual\" required=\"required\" aria-required=\"true\">\n\t\t\t\t\t\t\t\t\t\t\t<\/div>\n\t\t\t\t\t\t\t\t<div class=\"elementor-field-type-textarea elementor-field-group elementor-column elementor-field-group-message elementor-col-100\">\n\t\t\t\t\t\t\t\t\t\t\t\t<label for=\"form-field-message\" class=\"elementor-field-label\">\n\t\t\t\t\t\t\t\tConsulta\t\t\t\t\t\t\t<\/label>\n\t\t\t\t\t\t<textarea class=\"elementor-field-textual elementor-field  elementor-size-sm\" name=\"form_fields[message]\" id=\"form-field-message\" rows=\"4\"><\/textarea>\t\t\t\t<\/div>\n\t\t\t\t\t\t\t\t<div class=\"elementor-field-type-acceptance elementor-field-group elementor-column elementor-field-group-field_8348eca elementor-col-100 elementor-field-required elementor-mark-required\">\n\t\t\t\t\t\t\t<div class=\"elementor-field-subgroup\">\n\t\t\t<span class=\"elementor-field-option\">\n\t\t\t\t<input type=\"checkbox\" name=\"form_fields[field_8348eca]\" id=\"form-field-field_8348eca\" class=\"elementor-field elementor-size-sm  elementor-acceptance-field\" required=\"required\" aria-required=\"true\">\n\t\t\t\t<label for=\"form-field-field_8348eca\">Acepto la pol\u00edtica de privacidad<\/label>\t\t\t<\/span>\n\t\t<\/div>\n\t\t\t\t\t\t<\/div>\n\t\t\t\t\t\t\t\t<div class=\"elementor-field-type-recaptcha_v3 elementor-field-group elementor-column elementor-field-group-field_2746ade elementor-col-100 recaptcha_v3-inline\">\n\t\t\t\t\t<div class=\"elementor-field\" id=\"form-field-field_2746ade\"><div class=\"elementor-g-recaptcha\" data-sitekey=\"6LeY8S4pAAAAADfyL8ARKQIat82C1W3izOK72dr5\" data-type=\"v3\" data-action=\"Form\" data-badge=\"inline\" data-size=\"invisible\"><\/div><\/div>\t\t\t\t<\/div>\n\t\t\t\t\t\t\t\t<div class=\"elementor-field-group elementor-column elementor-field-type-submit elementor-col-100 e-form__buttons\">\n\t\t\t\t\t<button class=\"elementor-button elementor-size-sm\" type=\"submit\">\n\t\t\t\t\t\t<span class=\"elementor-button-content-wrapper\">\n\t\t\t\t\t\t\t\t\t\t\t\t\t\t\t\t\t\t\t\t\t\t<span class=\"elementor-button-text\">ENVIAR<\/span>\n\t\t\t\t\t\t\t\t\t\t\t\t\t<\/span>\n\t\t\t\t\t<\/button>\n\t\t\t\t<\/div>\n\t\t\t<\/div>\n\t\t<\/form>\n\t\t\t\t\t\t<\/div>\n\t\t\t\t<\/div>\n\t\t\t\t\t<\/div>\n\t\t<\/div>\n\t\t\t\t\t<\/div>\n\t\t<\/section>\n\t\t\t\t\t<\/div>\n\t\t<\/div>\n\t\t\t\t\t<\/div>\n\t\t<\/section>\n\t\t\t\t<\/div>\n\t\t\t\t<\/div>\n\t\t\t\t\t\t<\/div>\n\t\t\t\t<\/div>\n\t\t\t\t\t<\/div>\n\t\t<\/div>\n\t\t\t\t\t<\/div>\n\t\t<\/section>\n\t\t\t\t<\/div>\n\t\t","protected":false},"excerpt":{"rendered":"<p>Instal\u00b7laci\u00f3 i manteniment d&#8217;Antivirus A TRACK proposem solucions segons les necessitats del client, recomanant l&#8217;\u00fas d&#8217;Antivirus generats del tipus Cloud Computing. Complementem el programari antivirus amb diverses solucions de neteja del malware causades per la navegaci\u00f3 a Internet. Actualment, hi ha una gran varietat de cercadors i barres de navegaci\u00f3 que poden fer gaireb\u00e9 impossible [&hellip;]<\/p>\n","protected":false},"author":1,"featured_media":0,"parent":0,"menu_order":0,"comment_status":"closed","ping_status":"closed","template":"","meta":{"footnotes":""},"class_list":["post-702","page","type-page","status-publish","hentry"],"yoast_head":"<!-- This site is optimized with the Yoast SEO plugin v24.1 - https:\/\/yoast.com\/wordpress\/plugins\/seo\/ -->\n<title>Antivirus - Track Mantenimiento Inform\u00e1tico Integral<\/title>\n<meta name=\"robots\" content=\"index, follow, max-snippet:-1, max-image-preview:large, max-video-preview:-1\" \/>\n<link rel=\"canonical\" href=\"https:\/\/www.track.es\/ca\/antivirus\/\" \/>\n<meta property=\"og:locale\" content=\"ca_ES\" \/>\n<meta property=\"og:type\" content=\"article\" \/>\n<meta property=\"og:title\" content=\"Antivirus - Track Mantenimiento Inform\u00e1tico Integral\" \/>\n<meta property=\"og:description\" content=\"Instal\u00b7laci\u00f3 i manteniment d&#8217;Antivirus A TRACK proposem solucions segons les necessitats del client, recomanant l&#8217;\u00fas d&#8217;Antivirus generats del tipus Cloud Computing. Complementem el programari antivirus amb diverses solucions de neteja del malware causades per la navegaci\u00f3 a Internet. Actualment, hi ha una gran varietat de cercadors i barres de navegaci\u00f3 que poden fer gaireb\u00e9 impossible [&hellip;]\" \/>\n<meta property=\"og:url\" content=\"https:\/\/www.track.es\/ca\/antivirus\/\" \/>\n<meta property=\"og:site_name\" content=\"Track Mantenimiento Inform\u00e1tico Integral\" \/>\n<meta property=\"article:modified_time\" content=\"2023-12-18T11:16:52+00:00\" \/>\n<meta property=\"og:image\" content=\"https:\/\/www.track.es\/wp-content\/uploads\/2023\/03\/track_antivirus-1024x683.webp\" \/>\n<meta name=\"twitter:card\" content=\"summary_large_image\" \/>\n<meta name=\"twitter:label1\" content=\"Temps estimat de lectura\" \/>\n\t<meta name=\"twitter:data1\" content=\"1 minut\" \/>\n<script type=\"application\/ld+json\" class=\"yoast-schema-graph\">{\"@context\":\"https:\/\/schema.org\",\"@graph\":[{\"@type\":\"WebPage\",\"@id\":\"https:\/\/www.track.es\/ca\/antivirus\/\",\"url\":\"https:\/\/www.track.es\/ca\/antivirus\/\",\"name\":\"Antivirus - Track Mantenimiento Inform\u00e1tico Integral\",\"isPartOf\":{\"@id\":\"https:\/\/www.track.es\/#website\"},\"primaryImageOfPage\":{\"@id\":\"https:\/\/www.track.es\/ca\/antivirus\/#primaryimage\"},\"image\":{\"@id\":\"https:\/\/www.track.es\/ca\/antivirus\/#primaryimage\"},\"thumbnailUrl\":\"https:\/\/www.track.es\/wp-content\/uploads\/2023\/03\/track_antivirus-1024x683.webp\",\"datePublished\":\"2023-03-20T09:04:32+00:00\",\"dateModified\":\"2023-12-18T11:16:52+00:00\",\"breadcrumb\":{\"@id\":\"https:\/\/www.track.es\/ca\/antivirus\/#breadcrumb\"},\"inLanguage\":\"ca\",\"potentialAction\":[{\"@type\":\"ReadAction\",\"target\":[\"https:\/\/www.track.es\/ca\/antivirus\/\"]}]},{\"@type\":\"ImageObject\",\"inLanguage\":\"ca\",\"@id\":\"https:\/\/www.track.es\/ca\/antivirus\/#primaryimage\",\"url\":\"https:\/\/www.track.es\/wp-content\/uploads\/2023\/03\/track_antivirus-1024x683.webp\",\"contentUrl\":\"https:\/\/www.track.es\/wp-content\/uploads\/2023\/03\/track_antivirus-1024x683.webp\"},{\"@type\":\"BreadcrumbList\",\"@id\":\"https:\/\/www.track.es\/ca\/antivirus\/#breadcrumb\",\"itemListElement\":[{\"@type\":\"ListItem\",\"position\":1,\"name\":\"Portada\",\"item\":\"https:\/\/www.track.es\/ca\/inici\/\"},{\"@type\":\"ListItem\",\"position\":2,\"name\":\"Antivirus\"}]},{\"@type\":\"WebSite\",\"@id\":\"https:\/\/www.track.es\/#website\",\"url\":\"https:\/\/www.track.es\/\",\"name\":\"Track Mantenimiento Inform\u00e1tico Integral\",\"description\":\"TRACK. Soluciones profesionales para el desarrollo inform\u00e1tico a empresas. Servicios inform\u00e1ticos en Barcelona y todo el territorio nacional. Visite nuestra web.\",\"publisher\":{\"@id\":\"https:\/\/www.track.es\/#organization\"},\"potentialAction\":[{\"@type\":\"SearchAction\",\"target\":{\"@type\":\"EntryPoint\",\"urlTemplate\":\"https:\/\/www.track.es\/?s={search_term_string}\"},\"query-input\":{\"@type\":\"PropertyValueSpecification\",\"valueRequired\":true,\"valueName\":\"search_term_string\"}}],\"inLanguage\":\"ca\"},{\"@type\":\"Organization\",\"@id\":\"https:\/\/www.track.es\/#organization\",\"name\":\"Track Mantenimiento Inform\u00e1tico Integral\",\"url\":\"https:\/\/www.track.es\/\",\"logo\":{\"@type\":\"ImageObject\",\"inLanguage\":\"ca\",\"@id\":\"https:\/\/www.track.es\/#\/schema\/logo\/image\/\",\"url\":\"https:\/\/www.track.es\/wp-content\/uploads\/2023\/03\/track-mantenimiento-informatico-logo.png\",\"contentUrl\":\"https:\/\/www.track.es\/wp-content\/uploads\/2023\/03\/track-mantenimiento-informatico-logo.png\",\"width\":265,\"height\":57,\"caption\":\"Track Mantenimiento Inform\u00e1tico Integral\"},\"image\":{\"@id\":\"https:\/\/www.track.es\/#\/schema\/logo\/image\/\"}}]}<\/script>\n<!-- \/ Yoast SEO plugin. -->","yoast_head_json":{"title":"Antivirus - Track Mantenimiento Inform\u00e1tico Integral","robots":{"index":"index","follow":"follow","max-snippet":"max-snippet:-1","max-image-preview":"max-image-preview:large","max-video-preview":"max-video-preview:-1"},"canonical":"https:\/\/www.track.es\/ca\/antivirus\/","og_locale":"ca_ES","og_type":"article","og_title":"Antivirus - Track Mantenimiento Inform\u00e1tico Integral","og_description":"Instal\u00b7laci\u00f3 i manteniment d&#8217;Antivirus A TRACK proposem solucions segons les necessitats del client, recomanant l&#8217;\u00fas d&#8217;Antivirus generats del tipus Cloud Computing. Complementem el programari antivirus amb diverses solucions de neteja del malware causades per la navegaci\u00f3 a Internet. Actualment, hi ha una gran varietat de cercadors i barres de navegaci\u00f3 que poden fer gaireb\u00e9 impossible [&hellip;]","og_url":"https:\/\/www.track.es\/ca\/antivirus\/","og_site_name":"Track Mantenimiento Inform\u00e1tico Integral","article_modified_time":"2023-12-18T11:16:52+00:00","og_image":[{"url":"https:\/\/www.track.es\/wp-content\/uploads\/2023\/03\/track_antivirus-1024x683.webp","type":"","width":"","height":""}],"twitter_card":"summary_large_image","twitter_misc":{"Temps estimat de lectura":"1 minut"},"schema":{"@context":"https:\/\/schema.org","@graph":[{"@type":"WebPage","@id":"https:\/\/www.track.es\/ca\/antivirus\/","url":"https:\/\/www.track.es\/ca\/antivirus\/","name":"Antivirus - Track Mantenimiento Inform\u00e1tico Integral","isPartOf":{"@id":"https:\/\/www.track.es\/#website"},"primaryImageOfPage":{"@id":"https:\/\/www.track.es\/ca\/antivirus\/#primaryimage"},"image":{"@id":"https:\/\/www.track.es\/ca\/antivirus\/#primaryimage"},"thumbnailUrl":"https:\/\/www.track.es\/wp-content\/uploads\/2023\/03\/track_antivirus-1024x683.webp","datePublished":"2023-03-20T09:04:32+00:00","dateModified":"2023-12-18T11:16:52+00:00","breadcrumb":{"@id":"https:\/\/www.track.es\/ca\/antivirus\/#breadcrumb"},"inLanguage":"ca","potentialAction":[{"@type":"ReadAction","target":["https:\/\/www.track.es\/ca\/antivirus\/"]}]},{"@type":"ImageObject","inLanguage":"ca","@id":"https:\/\/www.track.es\/ca\/antivirus\/#primaryimage","url":"https:\/\/www.track.es\/wp-content\/uploads\/2023\/03\/track_antivirus-1024x683.webp","contentUrl":"https:\/\/www.track.es\/wp-content\/uploads\/2023\/03\/track_antivirus-1024x683.webp"},{"@type":"BreadcrumbList","@id":"https:\/\/www.track.es\/ca\/antivirus\/#breadcrumb","itemListElement":[{"@type":"ListItem","position":1,"name":"Portada","item":"https:\/\/www.track.es\/ca\/inici\/"},{"@type":"ListItem","position":2,"name":"Antivirus"}]},{"@type":"WebSite","@id":"https:\/\/www.track.es\/#website","url":"https:\/\/www.track.es\/","name":"Track Mantenimiento Inform\u00e1tico Integral","description":"TRACK. Soluciones profesionales para el desarrollo inform\u00e1tico a empresas. Servicios inform\u00e1ticos en Barcelona y todo el territorio nacional. Visite nuestra web.","publisher":{"@id":"https:\/\/www.track.es\/#organization"},"potentialAction":[{"@type":"SearchAction","target":{"@type":"EntryPoint","urlTemplate":"https:\/\/www.track.es\/?s={search_term_string}"},"query-input":{"@type":"PropertyValueSpecification","valueRequired":true,"valueName":"search_term_string"}}],"inLanguage":"ca"},{"@type":"Organization","@id":"https:\/\/www.track.es\/#organization","name":"Track Mantenimiento Inform\u00e1tico Integral","url":"https:\/\/www.track.es\/","logo":{"@type":"ImageObject","inLanguage":"ca","@id":"https:\/\/www.track.es\/#\/schema\/logo\/image\/","url":"https:\/\/www.track.es\/wp-content\/uploads\/2023\/03\/track-mantenimiento-informatico-logo.png","contentUrl":"https:\/\/www.track.es\/wp-content\/uploads\/2023\/03\/track-mantenimiento-informatico-logo.png","width":265,"height":57,"caption":"Track Mantenimiento Inform\u00e1tico Integral"},"image":{"@id":"https:\/\/www.track.es\/#\/schema\/logo\/image\/"}}]}},"_links":{"self":[{"href":"https:\/\/www.track.es\/ca\/wp-json\/wp\/v2\/pages\/702","targetHints":{"allow":["GET"]}}],"collection":[{"href":"https:\/\/www.track.es\/ca\/wp-json\/wp\/v2\/pages"}],"about":[{"href":"https:\/\/www.track.es\/ca\/wp-json\/wp\/v2\/types\/page"}],"author":[{"embeddable":true,"href":"https:\/\/www.track.es\/ca\/wp-json\/wp\/v2\/users\/1"}],"replies":[{"embeddable":true,"href":"https:\/\/www.track.es\/ca\/wp-json\/wp\/v2\/comments?post=702"}],"version-history":[{"count":1,"href":"https:\/\/www.track.es\/ca\/wp-json\/wp\/v2\/pages\/702\/revisions"}],"predecessor-version":[{"id":703,"href":"https:\/\/www.track.es\/ca\/wp-json\/wp\/v2\/pages\/702\/revisions\/703"}],"wp:attachment":[{"href":"https:\/\/www.track.es\/ca\/wp-json\/wp\/v2\/media?parent=702"}],"curies":[{"name":"wp","href":"https:\/\/api.w.org\/{rel}","templated":true}]}}