{"id":719,"date":"2023-03-19T23:48:50","date_gmt":"2023-03-19T22:48:50","guid":{"rendered":"https:\/\/www.track.es\/solucions-wifi\/"},"modified":"2023-12-18T15:43:35","modified_gmt":"2023-12-18T14:43:35","slug":"solucions-wifi","status":"publish","type":"page","link":"https:\/\/www.track.es\/ca\/solucions-wifi\/","title":{"rendered":"Solucions WIFI"},"content":{"rendered":"\t\t<div data-elementor-type=\"wp-page\" data-elementor-id=\"719\" class=\"elementor elementor-719 elementor-309\" data-elementor-post-type=\"page\">\n\t\t\t\t\t\t<section class=\"elementor-section elementor-top-section elementor-element elementor-element-67acc04d elementor-section-boxed elementor-section-height-default elementor-section-height-default\" data-id=\"67acc04d\" data-element_type=\"section\">\n\t\t\t\t\t\t<div class=\"elementor-container elementor-column-gap-default\">\n\t\t\t\t\t<div class=\"elementor-column elementor-col-100 elementor-top-column elementor-element elementor-element-66182461\" data-id=\"66182461\" data-element_type=\"column\">\n\t\t\t<div class=\"elementor-widget-wrap elementor-element-populated\">\n\t\t\t\t\t\t<section class=\"elementor-section elementor-inner-section elementor-element elementor-element-3be3033 elementor-section-content-middle elementor-reverse-mobile elementor-section-boxed elementor-section-height-default elementor-section-height-default\" data-id=\"3be3033\" data-element_type=\"section\">\n\t\t\t\t\t\t<div class=\"elementor-container elementor-column-gap-default\">\n\t\t\t\t\t<div class=\"elementor-column elementor-col-33 elementor-inner-column elementor-element elementor-element-4bc489e\" data-id=\"4bc489e\" data-element_type=\"column\">\n\t\t\t<div class=\"elementor-widget-wrap elementor-element-populated\">\n\t\t\t\t\t\t<div class=\"elementor-element elementor-element-76fb062a elementor-widget elementor-widget-image\" data-id=\"76fb062a\" data-element_type=\"widget\" data-widget_type=\"image.default\">\n\t\t\t\t<div class=\"elementor-widget-container\">\n\t\t\t\t\t\t\t\t\t\t\t\t\t\t\t<img fetchpriority=\"high\" decoding=\"async\" width=\"549\" height=\"450\" src=\"https:\/\/www.track.es\/wp-content\/uploads\/2023\/03\/track_wifi_2.jpg\" class=\"attachment-large size-large wp-image-314\" alt=\"\" srcset=\"https:\/\/www.track.es\/wp-content\/uploads\/2023\/03\/track_wifi_2.jpg 549w, https:\/\/www.track.es\/wp-content\/uploads\/2023\/03\/track_wifi_2-300x246.jpg 300w\" sizes=\"(max-width: 549px) 100vw, 549px\" \/>\t\t\t\t\t\t\t\t\t\t\t\t\t\t\t<\/div>\n\t\t\t\t<\/div>\n\t\t\t\t\t<\/div>\n\t\t<\/div>\n\t\t\t\t<div class=\"elementor-column elementor-col-66 elementor-inner-column elementor-element elementor-element-2e4af6eb\" data-id=\"2e4af6eb\" data-element_type=\"column\">\n\t\t\t<div class=\"elementor-widget-wrap elementor-element-populated\">\n\t\t\t\t\t\t<div class=\"elementor-element elementor-element-7d47229f elementor-widget elementor-widget-heading\" data-id=\"7d47229f\" data-element_type=\"widget\" data-widget_type=\"heading.default\">\n\t\t\t\t<div class=\"elementor-widget-container\">\n\t\t\t\t\t<h2 class=\"elementor-heading-title elementor-size-default\">Instal\u00b7laci\u00f3 de Xarxes Inal\u00e0mbriques<\/h2>\t\t\t\t<\/div>\n\t\t\t\t<\/div>\n\t\t\t\t<div class=\"elementor-element elementor-element-6f18e6b6 elementor-widget elementor-widget-text-editor\" data-id=\"6f18e6b6\" data-element_type=\"widget\" data-widget_type=\"text-editor.default\">\n\t\t\t\t<div class=\"elementor-widget-container\">\n\t\t\t\t\t\t\t\t\t<p>\u00c9s una tecnologia que ens permet la interconnexi\u00f3 de dispositius electr\u00f2nics de forma sense fils entre ells. En el mercat hi ha una infinitat de dispositius que incorporen aquesta tecnologia com ara ordinadors personals, impressores, consoles de videojocs, televisions, tel\u00e8fons intel\u00b7ligents, reproductors digitals i una llarga llista de dispositius. <\/p>\n<p>L&#8217;aplicaci\u00f3 m\u00e9s habitual d&#8217;aquesta tecnologia \u00e9s que tots els equips que incorporen Wifi poden accedir de forma sense fils a Internet connectant-se a un punt d&#8217;acc\u00e9s que al seu torn estigui connectat a un servidor.<\/p>\n<p>Els punts d&#8217;acc\u00e9s poden proporcionar cobertura a equips pr\u00f2xims i a equips molt m\u00e9s allunyats. La gamma de la cobertura dependr\u00e0 del punt d&#8217;acc\u00e9s instal\u00b7lat; n&#8217;hi ha de dom\u00e8stics amb un abast limitat i n&#8217;hi ha de professionals que ofereixen senyal a \u00e0rees d&#8217;acc\u00e9s molt grans, com ara recintes firals, hotels, etc. <\/p>\n\t\t\t\t\t\t\t\t<\/div>\n\t\t\t\t<\/div>\n\t\t\t\t\t<\/div>\n\t\t<\/div>\n\t\t\t\t\t<\/div>\n\t\t<\/section>\n\t\t\t\t\t<\/div>\n\t\t<\/div>\n\t\t\t\t\t<\/div>\n\t\t<\/section>\n\t\t\t\t<section class=\"elementor-section elementor-top-section elementor-element elementor-element-2504df44 elementor-section-boxed elementor-section-height-default elementor-section-height-default\" data-id=\"2504df44\" data-element_type=\"section\">\n\t\t\t\t\t\t<div class=\"elementor-container elementor-column-gap-default\">\n\t\t\t\t\t<div class=\"elementor-column elementor-col-50 elementor-top-column elementor-element elementor-element-1ca2887b\" data-id=\"1ca2887b\" data-element_type=\"column\">\n\t\t\t<div class=\"elementor-widget-wrap elementor-element-populated\">\n\t\t\t\t\t\t<div class=\"elementor-element elementor-element-1275813 elementor-widget elementor-widget-heading\" data-id=\"1275813\" data-element_type=\"widget\" data-widget_type=\"heading.default\">\n\t\t\t\t<div class=\"elementor-widget-container\">\n\t\t\t\t\t<h3 class=\"elementor-heading-title elementor-size-default\">La soluci\u00f3 per a la seva empresa<\/h3>\t\t\t\t<\/div>\n\t\t\t\t<\/div>\n\t\t\t\t<div class=\"elementor-element elementor-element-45372ca elementor-widget elementor-widget-text-editor\" data-id=\"45372ca\" data-element_type=\"widget\" data-widget_type=\"text-editor.default\">\n\t\t\t\t<div class=\"elementor-widget-container\">\n\t\t\t\t\t\t\t\t\t<p>Track porta m\u00e9s de 5 anys incorporant en el seu portafolis de serveis la instal\u00b7laci\u00f3 i configuraci\u00f3 de tota mena de punts d&#8217;acc\u00e9s tant per a \u00fas dom\u00e8stic, empresarial i sobretot per a recintes d&#8217;acc\u00e9s p\u00fablic com hospitals, hotels, centres comercials, ajuntaments, restaurants i altres espais susceptibles d&#8217;ofereixar el servei d&#8217;acc\u00e9s a Internet sense fils, Wifi.<\/p>\n<p>Aquesta tecnologia t\u00e9 moltes aplicacions com ara la interconnexi\u00f3 d&#8217;edificis, la telefon\u00eda IP (VoIP), la videovigil\u00e0ncia, el control d&#8217;acc\u00e9s, etc.<\/p>\n\t\t\t\t\t\t\t\t<\/div>\n\t\t\t\t<\/div>\n\t\t\t\t<div class=\"elementor-element elementor-element-c484bfa elementor-widget elementor-widget-heading\" data-id=\"c484bfa\" data-element_type=\"widget\" data-widget_type=\"heading.default\">\n\t\t\t\t<div class=\"elementor-widget-container\">\n\t\t\t\t\t<h3 class=\"elementor-heading-title elementor-size-default\">Si est\u00e0 pensant en instal\u00b7lar una xarxa wifi a la seva empresa, no dubti en sol\u00b7licitar-nos un estudi i pressupost sense comprom\u00eds.<\/h3>\t\t\t\t<\/div>\n\t\t\t\t<\/div>\n\t\t\t\t\t<\/div>\n\t\t<\/div>\n\t\t\t\t<div class=\"elementor-column elementor-col-50 elementor-top-column elementor-element elementor-element-6c2953e9\" data-id=\"6c2953e9\" data-element_type=\"column\">\n\t\t\t<div class=\"elementor-widget-wrap elementor-element-populated\">\n\t\t\t\t\t\t<div class=\"elementor-element elementor-element-5fd52d8b elementor-widget elementor-widget-template\" data-id=\"5fd52d8b\" data-element_type=\"widget\" data-widget_type=\"template.default\">\n\t\t\t\t<div class=\"elementor-widget-container\">\n\t\t\t\t\t\t\t<div class=\"elementor-template\">\n\t\t\t\t\t<div data-elementor-type=\"section\" data-elementor-id=\"244\" class=\"elementor elementor-244\" data-elementor-post-type=\"elementor_library\">\n\t\t\t\t\t<section class=\"elementor-section elementor-top-section elementor-element elementor-element-4b9424c elementor-section-boxed elementor-section-height-default elementor-section-height-default\" data-id=\"4b9424c\" data-element_type=\"section\">\n\t\t\t\t\t\t<div class=\"elementor-container elementor-column-gap-no\">\n\t\t\t\t\t<div class=\"elementor-column elementor-col-100 elementor-top-column elementor-element elementor-element-01e26ca\" data-id=\"01e26ca\" data-element_type=\"column\">\n\t\t\t<div class=\"elementor-widget-wrap elementor-element-populated\">\n\t\t\t\t\t\t<section class=\"elementor-section elementor-inner-section elementor-element elementor-element-1aa92d9 elementor-section-boxed elementor-section-height-default elementor-section-height-default\" data-id=\"1aa92d9\" data-element_type=\"section\" data-settings=\"{&quot;background_background&quot;:&quot;classic&quot;}\">\n\t\t\t\t\t\t<div class=\"elementor-container elementor-column-gap-default\">\n\t\t\t\t\t<div class=\"elementor-column elementor-col-100 elementor-inner-column elementor-element elementor-element-8bcb31e\" data-id=\"8bcb31e\" data-element_type=\"column\">\n\t\t\t<div class=\"elementor-widget-wrap elementor-element-populated\">\n\t\t\t\t\t\t<div class=\"elementor-element elementor-element-de87289 elementor-widget elementor-widget-heading\" data-id=\"de87289\" data-element_type=\"widget\" data-widget_type=\"heading.default\">\n\t\t\t\t<div class=\"elementor-widget-container\">\n\t\t\t\t\t<span class=\"elementor-heading-title elementor-size-default\">Solicite presupuesto sin compromiso<\/span>\t\t\t\t<\/div>\n\t\t\t\t<\/div>\n\t\t\t\t<div class=\"elementor-element elementor-element-c5d39b2 elementor-widget elementor-widget-text-editor\" data-id=\"c5d39b2\" data-element_type=\"widget\" data-widget_type=\"text-editor.default\">\n\t\t\t\t<div class=\"elementor-widget-container\">\n\t\t\t\t\t\t\t\t\t<p>En TRACK tenemos el servicio que se ajusta a sus necesidades.<\/p>\t\t\t\t\t\t\t\t<\/div>\n\t\t\t\t<\/div>\n\t\t\t\t<div class=\"elementor-element elementor-element-5848108 elementor-button-align-stretch elementor-widget elementor-widget-form\" data-id=\"5848108\" data-element_type=\"widget\" data-settings=\"{&quot;step_next_label&quot;:&quot;Next&quot;,&quot;step_previous_label&quot;:&quot;Previous&quot;,&quot;button_width&quot;:&quot;100&quot;,&quot;step_type&quot;:&quot;number_text&quot;,&quot;step_icon_shape&quot;:&quot;circle&quot;}\" data-widget_type=\"form.default\">\n\t\t\t\t<div class=\"elementor-widget-container\">\n\t\t\t\t\t\t\t<form class=\"elementor-form\" method=\"post\" name=\"General\">\n\t\t\t<input type=\"hidden\" name=\"post_id\" value=\"244\"\/>\n\t\t\t<input type=\"hidden\" name=\"form_id\" value=\"5848108\"\/>\n\t\t\t<input type=\"hidden\" name=\"referer_title\" value=\"Track Mantenimiento Inform\u00e1tico Integral\" \/>\n\n\t\t\t\n\t\t\t<div class=\"elementor-form-fields-wrapper elementor-labels-above\">\n\t\t\t\t\t\t\t\t<div class=\"elementor-field-type-text elementor-field-group elementor-column elementor-field-group-name elementor-col-100 elementor-field-required elementor-mark-required\">\n\t\t\t\t\t\t\t\t\t\t\t\t<label for=\"form-field-name\" class=\"elementor-field-label\">\n\t\t\t\t\t\t\t\tNombre y apellido\t\t\t\t\t\t\t<\/label>\n\t\t\t\t\t\t\t\t\t\t\t\t\t\t<input size=\"1\" type=\"text\" name=\"form_fields[name]\" id=\"form-field-name\" class=\"elementor-field elementor-size-sm  elementor-field-textual\" required=\"required\" aria-required=\"true\">\n\t\t\t\t\t\t\t\t\t\t\t<\/div>\n\t\t\t\t\t\t\t\t<div class=\"elementor-field-type-text elementor-field-group elementor-column elementor-field-group-field_38aa5de elementor-col-100\">\n\t\t\t\t\t\t\t\t\t\t\t\t<label for=\"form-field-field_38aa5de\" class=\"elementor-field-label\">\n\t\t\t\t\t\t\t\tEmpresa\t\t\t\t\t\t\t<\/label>\n\t\t\t\t\t\t\t\t\t\t\t\t\t\t<input size=\"1\" type=\"text\" name=\"form_fields[field_38aa5de]\" id=\"form-field-field_38aa5de\" class=\"elementor-field elementor-size-sm  elementor-field-textual\">\n\t\t\t\t\t\t\t\t\t\t\t<\/div>\n\t\t\t\t\t\t\t\t<div class=\"elementor-field-type-tel elementor-field-group elementor-column elementor-field-group-field_ef55a66 elementor-col-100 elementor-field-required elementor-mark-required\">\n\t\t\t\t\t\t\t\t\t\t\t\t<label for=\"form-field-field_ef55a66\" class=\"elementor-field-label\">\n\t\t\t\t\t\t\t\tTel\u00e9fono\t\t\t\t\t\t\t<\/label>\n\t\t\t\t\t\t\t\t<input size=\"1\" type=\"tel\" name=\"form_fields[field_ef55a66]\" id=\"form-field-field_ef55a66\" class=\"elementor-field elementor-size-sm  elementor-field-textual\" required=\"required\" aria-required=\"true\" pattern=\"[0-9()#&amp;+*-=.]+\" title=\"Only numbers and phone characters (#, -, *, etc) are accepted.\">\n\n\t\t\t\t\t\t<\/div>\n\t\t\t\t\t\t\t\t<div class=\"elementor-field-type-email elementor-field-group elementor-column elementor-field-group-email elementor-col-100 elementor-field-required elementor-mark-required\">\n\t\t\t\t\t\t\t\t\t\t\t\t<label for=\"form-field-email\" class=\"elementor-field-label\">\n\t\t\t\t\t\t\t\tEmail\t\t\t\t\t\t\t<\/label>\n\t\t\t\t\t\t\t\t\t\t\t\t\t\t<input size=\"1\" type=\"email\" name=\"form_fields[email]\" id=\"form-field-email\" class=\"elementor-field elementor-size-sm  elementor-field-textual\" required=\"required\" aria-required=\"true\">\n\t\t\t\t\t\t\t\t\t\t\t<\/div>\n\t\t\t\t\t\t\t\t<div class=\"elementor-field-type-textarea elementor-field-group elementor-column elementor-field-group-message elementor-col-100\">\n\t\t\t\t\t\t\t\t\t\t\t\t<label for=\"form-field-message\" class=\"elementor-field-label\">\n\t\t\t\t\t\t\t\tConsulta\t\t\t\t\t\t\t<\/label>\n\t\t\t\t\t\t<textarea class=\"elementor-field-textual elementor-field  elementor-size-sm\" name=\"form_fields[message]\" id=\"form-field-message\" rows=\"4\"><\/textarea>\t\t\t\t<\/div>\n\t\t\t\t\t\t\t\t<div class=\"elementor-field-type-acceptance elementor-field-group elementor-column elementor-field-group-field_8348eca elementor-col-100 elementor-field-required elementor-mark-required\">\n\t\t\t\t\t\t\t<div class=\"elementor-field-subgroup\">\n\t\t\t<span class=\"elementor-field-option\">\n\t\t\t\t<input type=\"checkbox\" name=\"form_fields[field_8348eca]\" id=\"form-field-field_8348eca\" class=\"elementor-field elementor-size-sm  elementor-acceptance-field\" required=\"required\" aria-required=\"true\">\n\t\t\t\t<label for=\"form-field-field_8348eca\">Acepto la pol\u00edtica de privacidad<\/label>\t\t\t<\/span>\n\t\t<\/div>\n\t\t\t\t\t\t<\/div>\n\t\t\t\t\t\t\t\t<div class=\"elementor-field-type-recaptcha_v3 elementor-field-group elementor-column elementor-field-group-field_2746ade elementor-col-100 recaptcha_v3-inline\">\n\t\t\t\t\t<div class=\"elementor-field\" id=\"form-field-field_2746ade\"><div class=\"elementor-g-recaptcha\" data-sitekey=\"6LeY8S4pAAAAADfyL8ARKQIat82C1W3izOK72dr5\" data-type=\"v3\" data-action=\"Form\" data-badge=\"inline\" data-size=\"invisible\"><\/div><\/div>\t\t\t\t<\/div>\n\t\t\t\t\t\t\t\t<div class=\"elementor-field-group elementor-column elementor-field-type-submit elementor-col-100 e-form__buttons\">\n\t\t\t\t\t<button class=\"elementor-button elementor-size-sm\" type=\"submit\">\n\t\t\t\t\t\t<span class=\"elementor-button-content-wrapper\">\n\t\t\t\t\t\t\t\t\t\t\t\t\t\t\t\t\t\t\t\t\t\t<span class=\"elementor-button-text\">ENVIAR<\/span>\n\t\t\t\t\t\t\t\t\t\t\t\t\t<\/span>\n\t\t\t\t\t<\/button>\n\t\t\t\t<\/div>\n\t\t\t<\/div>\n\t\t<\/form>\n\t\t\t\t\t\t<\/div>\n\t\t\t\t<\/div>\n\t\t\t\t\t<\/div>\n\t\t<\/div>\n\t\t\t\t\t<\/div>\n\t\t<\/section>\n\t\t\t\t\t<\/div>\n\t\t<\/div>\n\t\t\t\t\t<\/div>\n\t\t<\/section>\n\t\t\t\t<\/div>\n\t\t\t\t<\/div>\n\t\t\t\t\t\t<\/div>\n\t\t\t\t<\/div>\n\t\t\t\t\t<\/div>\n\t\t<\/div>\n\t\t\t\t\t<\/div>\n\t\t<\/section>\n\t\t\t\t<\/div>\n\t\t","protected":false},"excerpt":{"rendered":"<p>Instal\u00b7laci\u00f3 de Xarxes Inal\u00e0mbriques \u00c9s una tecnologia que ens permet la interconnexi\u00f3 de dispositius electr\u00f2nics de forma sense fils entre ells. En el mercat hi ha una infinitat de dispositius que incorporen aquesta tecnologia com ara ordinadors personals, impressores, consoles de videojocs, televisions, tel\u00e8fons intel\u00b7ligents, reproductors digitals i una llarga llista de dispositius. L&#8217;aplicaci\u00f3 m\u00e9s [&hellip;]<\/p>\n","protected":false},"author":1,"featured_media":0,"parent":0,"menu_order":0,"comment_status":"closed","ping_status":"closed","template":"","meta":{"footnotes":""},"class_list":["post-719","page","type-page","status-publish","hentry"],"yoast_head":"<!-- This site is optimized with the Yoast SEO plugin v24.1 - https:\/\/yoast.com\/wordpress\/plugins\/seo\/ -->\n<title>Solucions WIFI - Track Mantenimiento Inform\u00e1tico Integral<\/title>\n<meta name=\"robots\" content=\"index, follow, max-snippet:-1, max-image-preview:large, max-video-preview:-1\" \/>\n<link rel=\"canonical\" href=\"https:\/\/www.track.es\/ca\/solucions-wifi\/\" \/>\n<meta property=\"og:locale\" content=\"ca_ES\" \/>\n<meta property=\"og:type\" content=\"article\" \/>\n<meta property=\"og:title\" content=\"Solucions WIFI - Track Mantenimiento Inform\u00e1tico Integral\" \/>\n<meta property=\"og:description\" content=\"Instal\u00b7laci\u00f3 de Xarxes Inal\u00e0mbriques \u00c9s una tecnologia que ens permet la interconnexi\u00f3 de dispositius electr\u00f2nics de forma sense fils entre ells. En el mercat hi ha una infinitat de dispositius que incorporen aquesta tecnologia com ara ordinadors personals, impressores, consoles de videojocs, televisions, tel\u00e8fons intel\u00b7ligents, reproductors digitals i una llarga llista de dispositius. L&#8217;aplicaci\u00f3 m\u00e9s [&hellip;]\" \/>\n<meta property=\"og:url\" content=\"https:\/\/www.track.es\/ca\/solucions-wifi\/\" \/>\n<meta property=\"og:site_name\" content=\"Track Mantenimiento Inform\u00e1tico Integral\" \/>\n<meta property=\"article:modified_time\" content=\"2023-12-18T14:43:35+00:00\" \/>\n<meta property=\"og:image\" content=\"https:\/\/www.track.es\/wp-content\/uploads\/2023\/03\/track_wifi_2.jpg\" \/>\n<meta name=\"twitter:card\" content=\"summary_large_image\" \/>\n<meta name=\"twitter:label1\" content=\"Temps estimat de lectura\" \/>\n\t<meta name=\"twitter:data1\" content=\"1 minut\" \/>\n<script type=\"application\/ld+json\" class=\"yoast-schema-graph\">{\"@context\":\"https:\/\/schema.org\",\"@graph\":[{\"@type\":\"WebPage\",\"@id\":\"https:\/\/www.track.es\/ca\/solucions-wifi\/\",\"url\":\"https:\/\/www.track.es\/ca\/solucions-wifi\/\",\"name\":\"Solucions WIFI - Track Mantenimiento Inform\u00e1tico Integral\",\"isPartOf\":{\"@id\":\"https:\/\/www.track.es\/#website\"},\"primaryImageOfPage\":{\"@id\":\"https:\/\/www.track.es\/ca\/solucions-wifi\/#primaryimage\"},\"image\":{\"@id\":\"https:\/\/www.track.es\/ca\/solucions-wifi\/#primaryimage\"},\"thumbnailUrl\":\"https:\/\/www.track.es\/wp-content\/uploads\/2023\/03\/track_wifi_2.jpg\",\"datePublished\":\"2023-03-19T22:48:50+00:00\",\"dateModified\":\"2023-12-18T14:43:35+00:00\",\"breadcrumb\":{\"@id\":\"https:\/\/www.track.es\/ca\/solucions-wifi\/#breadcrumb\"},\"inLanguage\":\"ca\",\"potentialAction\":[{\"@type\":\"ReadAction\",\"target\":[\"https:\/\/www.track.es\/ca\/solucions-wifi\/\"]}]},{\"@type\":\"ImageObject\",\"inLanguage\":\"ca\",\"@id\":\"https:\/\/www.track.es\/ca\/solucions-wifi\/#primaryimage\",\"url\":\"https:\/\/www.track.es\/wp-content\/uploads\/2023\/03\/track_wifi_2.jpg\",\"contentUrl\":\"https:\/\/www.track.es\/wp-content\/uploads\/2023\/03\/track_wifi_2.jpg\"},{\"@type\":\"BreadcrumbList\",\"@id\":\"https:\/\/www.track.es\/ca\/solucions-wifi\/#breadcrumb\",\"itemListElement\":[{\"@type\":\"ListItem\",\"position\":1,\"name\":\"Portada\",\"item\":\"https:\/\/www.track.es\/ca\/inici\/\"},{\"@type\":\"ListItem\",\"position\":2,\"name\":\"Solucions WIFI\"}]},{\"@type\":\"WebSite\",\"@id\":\"https:\/\/www.track.es\/#website\",\"url\":\"https:\/\/www.track.es\/\",\"name\":\"Track Mantenimiento Inform\u00e1tico Integral\",\"description\":\"TRACK. Soluciones profesionales para el desarrollo inform\u00e1tico a empresas. Servicios inform\u00e1ticos en Barcelona y todo el territorio nacional. Visite nuestra web.\",\"publisher\":{\"@id\":\"https:\/\/www.track.es\/#organization\"},\"potentialAction\":[{\"@type\":\"SearchAction\",\"target\":{\"@type\":\"EntryPoint\",\"urlTemplate\":\"https:\/\/www.track.es\/?s={search_term_string}\"},\"query-input\":{\"@type\":\"PropertyValueSpecification\",\"valueRequired\":true,\"valueName\":\"search_term_string\"}}],\"inLanguage\":\"ca\"},{\"@type\":\"Organization\",\"@id\":\"https:\/\/www.track.es\/#organization\",\"name\":\"Track Mantenimiento Inform\u00e1tico Integral\",\"url\":\"https:\/\/www.track.es\/\",\"logo\":{\"@type\":\"ImageObject\",\"inLanguage\":\"ca\",\"@id\":\"https:\/\/www.track.es\/#\/schema\/logo\/image\/\",\"url\":\"https:\/\/www.track.es\/wp-content\/uploads\/2023\/03\/track-mantenimiento-informatico-logo.png\",\"contentUrl\":\"https:\/\/www.track.es\/wp-content\/uploads\/2023\/03\/track-mantenimiento-informatico-logo.png\",\"width\":265,\"height\":57,\"caption\":\"Track Mantenimiento Inform\u00e1tico Integral\"},\"image\":{\"@id\":\"https:\/\/www.track.es\/#\/schema\/logo\/image\/\"}}]}<\/script>\n<!-- \/ Yoast SEO plugin. -->","yoast_head_json":{"title":"Solucions WIFI - Track Mantenimiento Inform\u00e1tico Integral","robots":{"index":"index","follow":"follow","max-snippet":"max-snippet:-1","max-image-preview":"max-image-preview:large","max-video-preview":"max-video-preview:-1"},"canonical":"https:\/\/www.track.es\/ca\/solucions-wifi\/","og_locale":"ca_ES","og_type":"article","og_title":"Solucions WIFI - Track Mantenimiento Inform\u00e1tico Integral","og_description":"Instal\u00b7laci\u00f3 de Xarxes Inal\u00e0mbriques \u00c9s una tecnologia que ens permet la interconnexi\u00f3 de dispositius electr\u00f2nics de forma sense fils entre ells. En el mercat hi ha una infinitat de dispositius que incorporen aquesta tecnologia com ara ordinadors personals, impressores, consoles de videojocs, televisions, tel\u00e8fons intel\u00b7ligents, reproductors digitals i una llarga llista de dispositius. L&#8217;aplicaci\u00f3 m\u00e9s [&hellip;]","og_url":"https:\/\/www.track.es\/ca\/solucions-wifi\/","og_site_name":"Track Mantenimiento Inform\u00e1tico Integral","article_modified_time":"2023-12-18T14:43:35+00:00","og_image":[{"url":"https:\/\/www.track.es\/wp-content\/uploads\/2023\/03\/track_wifi_2.jpg","type":"","width":"","height":""}],"twitter_card":"summary_large_image","twitter_misc":{"Temps estimat de lectura":"1 minut"},"schema":{"@context":"https:\/\/schema.org","@graph":[{"@type":"WebPage","@id":"https:\/\/www.track.es\/ca\/solucions-wifi\/","url":"https:\/\/www.track.es\/ca\/solucions-wifi\/","name":"Solucions WIFI - Track Mantenimiento Inform\u00e1tico Integral","isPartOf":{"@id":"https:\/\/www.track.es\/#website"},"primaryImageOfPage":{"@id":"https:\/\/www.track.es\/ca\/solucions-wifi\/#primaryimage"},"image":{"@id":"https:\/\/www.track.es\/ca\/solucions-wifi\/#primaryimage"},"thumbnailUrl":"https:\/\/www.track.es\/wp-content\/uploads\/2023\/03\/track_wifi_2.jpg","datePublished":"2023-03-19T22:48:50+00:00","dateModified":"2023-12-18T14:43:35+00:00","breadcrumb":{"@id":"https:\/\/www.track.es\/ca\/solucions-wifi\/#breadcrumb"},"inLanguage":"ca","potentialAction":[{"@type":"ReadAction","target":["https:\/\/www.track.es\/ca\/solucions-wifi\/"]}]},{"@type":"ImageObject","inLanguage":"ca","@id":"https:\/\/www.track.es\/ca\/solucions-wifi\/#primaryimage","url":"https:\/\/www.track.es\/wp-content\/uploads\/2023\/03\/track_wifi_2.jpg","contentUrl":"https:\/\/www.track.es\/wp-content\/uploads\/2023\/03\/track_wifi_2.jpg"},{"@type":"BreadcrumbList","@id":"https:\/\/www.track.es\/ca\/solucions-wifi\/#breadcrumb","itemListElement":[{"@type":"ListItem","position":1,"name":"Portada","item":"https:\/\/www.track.es\/ca\/inici\/"},{"@type":"ListItem","position":2,"name":"Solucions WIFI"}]},{"@type":"WebSite","@id":"https:\/\/www.track.es\/#website","url":"https:\/\/www.track.es\/","name":"Track Mantenimiento Inform\u00e1tico Integral","description":"TRACK. Soluciones profesionales para el desarrollo inform\u00e1tico a empresas. Servicios inform\u00e1ticos en Barcelona y todo el territorio nacional. Visite nuestra web.","publisher":{"@id":"https:\/\/www.track.es\/#organization"},"potentialAction":[{"@type":"SearchAction","target":{"@type":"EntryPoint","urlTemplate":"https:\/\/www.track.es\/?s={search_term_string}"},"query-input":{"@type":"PropertyValueSpecification","valueRequired":true,"valueName":"search_term_string"}}],"inLanguage":"ca"},{"@type":"Organization","@id":"https:\/\/www.track.es\/#organization","name":"Track Mantenimiento Inform\u00e1tico Integral","url":"https:\/\/www.track.es\/","logo":{"@type":"ImageObject","inLanguage":"ca","@id":"https:\/\/www.track.es\/#\/schema\/logo\/image\/","url":"https:\/\/www.track.es\/wp-content\/uploads\/2023\/03\/track-mantenimiento-informatico-logo.png","contentUrl":"https:\/\/www.track.es\/wp-content\/uploads\/2023\/03\/track-mantenimiento-informatico-logo.png","width":265,"height":57,"caption":"Track Mantenimiento Inform\u00e1tico Integral"},"image":{"@id":"https:\/\/www.track.es\/#\/schema\/logo\/image\/"}}]}},"_links":{"self":[{"href":"https:\/\/www.track.es\/ca\/wp-json\/wp\/v2\/pages\/719","targetHints":{"allow":["GET"]}}],"collection":[{"href":"https:\/\/www.track.es\/ca\/wp-json\/wp\/v2\/pages"}],"about":[{"href":"https:\/\/www.track.es\/ca\/wp-json\/wp\/v2\/types\/page"}],"author":[{"embeddable":true,"href":"https:\/\/www.track.es\/ca\/wp-json\/wp\/v2\/users\/1"}],"replies":[{"embeddable":true,"href":"https:\/\/www.track.es\/ca\/wp-json\/wp\/v2\/comments?post=719"}],"version-history":[{"count":1,"href":"https:\/\/www.track.es\/ca\/wp-json\/wp\/v2\/pages\/719\/revisions"}],"predecessor-version":[{"id":720,"href":"https:\/\/www.track.es\/ca\/wp-json\/wp\/v2\/pages\/719\/revisions\/720"}],"wp:attachment":[{"href":"https:\/\/www.track.es\/ca\/wp-json\/wp\/v2\/media?parent=719"}],"curies":[{"name":"wp","href":"https:\/\/api.w.org\/{rel}","templated":true}]}}