{"id":760,"date":"2023-03-20T10:27:06","date_gmt":"2023-03-20T09:27:06","guid":{"rendered":"https:\/\/www.track.es\/vpns\/"},"modified":"2023-12-21T12:48:06","modified_gmt":"2023-12-21T11:48:06","slug":"vpns","status":"publish","type":"page","link":"https:\/\/www.track.es\/ca\/vpns\/","title":{"rendered":"VPN&#8217;s"},"content":{"rendered":"\t\t<div data-elementor-type=\"wp-page\" data-elementor-id=\"760\" class=\"elementor elementor-760 elementor-389\" data-elementor-post-type=\"page\">\n\t\t\t\t\t\t<section class=\"elementor-section elementor-top-section elementor-element elementor-element-71f3066e elementor-section-boxed elementor-section-height-default elementor-section-height-default\" data-id=\"71f3066e\" data-element_type=\"section\">\n\t\t\t\t\t\t<div class=\"elementor-container elementor-column-gap-default\">\n\t\t\t\t\t<div class=\"elementor-column elementor-col-100 elementor-top-column elementor-element elementor-element-4beef00\" data-id=\"4beef00\" data-element_type=\"column\">\n\t\t\t<div class=\"elementor-widget-wrap elementor-element-populated\">\n\t\t\t\t\t\t<section class=\"elementor-section elementor-inner-section elementor-element elementor-element-6bf814a1 elementor-section-content-middle elementor-reverse-mobile elementor-section-boxed elementor-section-height-default elementor-section-height-default\" data-id=\"6bf814a1\" data-element_type=\"section\">\n\t\t\t\t\t\t<div class=\"elementor-container elementor-column-gap-default\">\n\t\t\t\t\t<div class=\"elementor-column elementor-col-33 elementor-inner-column elementor-element elementor-element-25506462\" data-id=\"25506462\" data-element_type=\"column\">\n\t\t\t<div class=\"elementor-widget-wrap elementor-element-populated\">\n\t\t\t\t\t\t<div class=\"elementor-element elementor-element-489d28d1 elementor-widget elementor-widget-image\" data-id=\"489d28d1\" data-element_type=\"widget\" data-widget_type=\"image.default\">\n\t\t\t\t<div class=\"elementor-widget-container\">\n\t\t\t\t\t\t\t\t\t\t\t\t\t\t\t<img fetchpriority=\"high\" decoding=\"async\" width=\"800\" height=\"505\" src=\"https:\/\/www.track.es\/wp-content\/uploads\/2023\/03\/vpn_track-1024x647.jpeg\" class=\"attachment-large size-large wp-image-395\" alt=\"\" srcset=\"https:\/\/www.track.es\/wp-content\/uploads\/2023\/03\/vpn_track-1024x647.jpeg 1024w, https:\/\/www.track.es\/wp-content\/uploads\/2023\/03\/vpn_track-300x189.jpeg 300w, https:\/\/www.track.es\/wp-content\/uploads\/2023\/03\/vpn_track-768x485.jpeg 768w, https:\/\/www.track.es\/wp-content\/uploads\/2023\/03\/vpn_track.jpeg 1289w\" sizes=\"(max-width: 800px) 100vw, 800px\" \/>\t\t\t\t\t\t\t\t\t\t\t\t\t\t\t<\/div>\n\t\t\t\t<\/div>\n\t\t\t\t\t<\/div>\n\t\t<\/div>\n\t\t\t\t<div class=\"elementor-column elementor-col-66 elementor-inner-column elementor-element elementor-element-42c7817\" data-id=\"42c7817\" data-element_type=\"column\">\n\t\t\t<div class=\"elementor-widget-wrap elementor-element-populated\">\n\t\t\t\t\t\t<div class=\"elementor-element elementor-element-165db7a9 elementor-widget elementor-widget-heading\" data-id=\"165db7a9\" data-element_type=\"widget\" data-widget_type=\"heading.default\">\n\t\t\t\t<div class=\"elementor-widget-container\">\n\t\t\t\t\t<h2 class=\"elementor-heading-title elementor-size-default\">Connectivitat i estalvi, \u00e9s possible amb VPN<\/h2>\t\t\t\t<\/div>\n\t\t\t\t<\/div>\n\t\t\t\t<div class=\"elementor-element elementor-element-779f3710 elementor-widget elementor-widget-text-editor\" data-id=\"779f3710\" data-element_type=\"widget\" data-widget_type=\"text-editor.default\">\n\t\t\t\t<div class=\"elementor-widget-container\">\n\t\t\t\t\t\t\t\t\t<p>En Track despr\u00e9s de realitzar un estudi de la infraestructura del client i de les comunicacions via Internet, optarem per una mena de VPN o un altre, aix\u00ed com el maquinari m\u00e9s adequat per a implementar aquesta VPN.<\/p>\n<p>TRACK sempre t\u00e9 solucions a mesura de les necessitats dels nostres clients. Sol\u00b7liciti un estudi previ gratu\u00eft i sense comprom\u00eds. <\/p>\n\t\t\t\t\t\t\t\t<\/div>\n\t\t\t\t<\/div>\n\t\t\t\t\t<\/div>\n\t\t<\/div>\n\t\t\t\t\t<\/div>\n\t\t<\/section>\n\t\t\t\t\t<\/div>\n\t\t<\/div>\n\t\t\t\t\t<\/div>\n\t\t<\/section>\n\t\t\t\t<section class=\"elementor-section elementor-top-section elementor-element elementor-element-673f5633 elementor-section-boxed elementor-section-height-default elementor-section-height-default\" data-id=\"673f5633\" data-element_type=\"section\">\n\t\t\t\t\t\t<div class=\"elementor-container elementor-column-gap-default\">\n\t\t\t\t\t<div class=\"elementor-column elementor-col-50 elementor-top-column elementor-element elementor-element-6926c77b\" data-id=\"6926c77b\" data-element_type=\"column\">\n\t\t\t<div class=\"elementor-widget-wrap elementor-element-populated\">\n\t\t\t\t\t\t<div class=\"elementor-element elementor-element-2140a7a3 elementor-widget elementor-widget-heading\" data-id=\"2140a7a3\" data-element_type=\"widget\" data-widget_type=\"heading.default\">\n\t\t\t\t<div class=\"elementor-widget-container\">\n\t\t\t\t\t<h3 class=\"elementor-heading-title elementor-size-default\">Informaci\u00f3 addicional<\/h3>\t\t\t\t<\/div>\n\t\t\t\t<\/div>\n\t\t\t\t<div class=\"elementor-element elementor-element-a5c7a2a elementor-widget elementor-widget-text-editor\" data-id=\"a5c7a2a\" data-element_type=\"widget\" data-widget_type=\"text-editor.default\">\n\t\t\t\t<div class=\"elementor-widget-container\">\n\t\t\t\t\t\t\t\t\t<p>Una xarxa privada virtual (VPN) utilitza una infraestructura p\u00fablica de telecomunicacions, com Internet, per proporcionar a les oficines remotes o als usuaris individuals acc\u00e9s segur a la xarxa de la seva organitzaci\u00f3. L&#8217;objectiu \u00e9s proporcionar a una organitzaci\u00f3 la comunicaci\u00f3 entre totes les seves oficines o usuaris, a baix cost. <\/p>\n<p>Aquesta comunicaci\u00f3 de dades pot ser per intercanviar documentaci\u00f3 entre els diferents nodes de la VPN o per comunicar diversos nodes amb un central per tenir tota la informaci\u00f3 en un mateix lloc. Avui dia, gr\u00e0cies a l&#8217;augment de la velocitat en les comunicacions via Internet, es poden realitzar fins a comunicacions de veu entre els diferents nodes, comunament anomenat veu sobre IP (VoIP). <\/p>\n<p>Existeixen diversos tipus de VPN, segons el tipus de protocol que s&#8217;utilitza per a crear el t\u00fanel.<\/p>\n<p>En l&#8217;actualitat s&#8217;utilitzen VPN SSL ja que la seva implantaci\u00f3 \u00e9s relativament senzilla, i el tr\u00e0nsit va encriptat mitjan\u00e7ant aquest certificat.<\/p>\n<p>Per\u00f2 segons les necessitats del client i del tipus d&#8217;informaci\u00f3 que es transmet, es pot crear VPN del tipus L2TP o IpSec.<\/p>\n\t\t\t\t\t\t\t\t<\/div>\n\t\t\t\t<\/div>\n\t\t\t\t<div class=\"elementor-element elementor-element-331ef10a elementor-widget elementor-widget-heading\" data-id=\"331ef10a\" data-element_type=\"widget\" data-widget_type=\"heading.default\">\n\t\t\t\t<div class=\"elementor-widget-container\">\n\t\t\t\t\t<h2 class=\"elementor-heading-title elementor-size-default\">Principals avantatges<\/h2>\t\t\t\t<\/div>\n\t\t\t\t<\/div>\n\t\t\t\t<div class=\"elementor-element elementor-element-a7bc139 elementor-icon-list--layout-traditional elementor-list-item-link-full_width elementor-widget elementor-widget-icon-list\" data-id=\"a7bc139\" data-element_type=\"widget\" data-widget_type=\"icon-list.default\">\n\t\t\t\t<div class=\"elementor-widget-container\">\n\t\t\t\t\t\t\t<ul class=\"elementor-icon-list-items\">\n\t\t\t\t\t\t\t<li class=\"elementor-icon-list-item\">\n\t\t\t\t\t\t\t\t\t\t\t<span class=\"elementor-icon-list-icon\">\n\t\t\t\t\t\t\t<i aria-hidden=\"true\" class=\"fas fa-check\"><\/i>\t\t\t\t\t\t<\/span>\n\t\t\t\t\t\t\t\t\t\t<span class=\"elementor-icon-list-text\">Xarxes Wi-Fi p\u00fabliques segures<\/span>\n\t\t\t\t\t\t\t\t\t<\/li>\n\t\t\t\t\t\t\t\t<li class=\"elementor-icon-list-item\">\n\t\t\t\t\t\t\t\t\t\t\t<span class=\"elementor-icon-list-icon\">\n\t\t\t\t\t\t\t<i aria-hidden=\"true\" class=\"fas fa-check\"><\/i>\t\t\t\t\t\t<\/span>\n\t\t\t\t\t\t\t\t\t\t<span class=\"elementor-icon-list-text\">Reprodueixi contingut i p\u00e0gines web restringides a la seva regi\u00f3<\/span>\n\t\t\t\t\t\t\t\t\t<\/li>\n\t\t\t\t\t\t\t\t<li class=\"elementor-icon-list-item\">\n\t\t\t\t\t\t\t\t\t\t\t<span class=\"elementor-icon-list-icon\">\n\t\t\t\t\t\t\t<i aria-hidden=\"true\" class=\"fas fa-check\"><\/i>\t\t\t\t\t\t<\/span>\n\t\t\t\t\t\t\t\t\t\t<span class=\"elementor-icon-list-text\">Impedeixi el rastreig del seu ISP<\/span>\n\t\t\t\t\t\t\t\t\t<\/li>\n\t\t\t\t\t\t\t\t<li class=\"elementor-icon-list-item\">\n\t\t\t\t\t\t\t\t\t\t\t<span class=\"elementor-icon-list-icon\">\n\t\t\t\t\t\t\t<i aria-hidden=\"true\" class=\"fas fa-check\"><\/i>\t\t\t\t\t\t<\/span>\n\t\t\t\t\t\t\t\t\t\t<span class=\"elementor-icon-list-text\">Eviti la discriminaci\u00f3 de preus<\/span>\n\t\t\t\t\t\t\t\t\t<\/li>\n\t\t\t\t\t\t\t\t<li class=\"elementor-icon-list-item\">\n\t\t\t\t\t\t\t\t\t\t\t<span class=\"elementor-icon-list-icon\">\n\t\t\t\t\t\t\t<i aria-hidden=\"true\" class=\"fas fa-check\"><\/i>\t\t\t\t\t\t<\/span>\n\t\t\t\t\t\t\t\t\t\t<span class=\"elementor-icon-list-text\">Banca segura en l\u00ednia<\/span>\n\t\t\t\t\t\t\t\t\t<\/li>\n\t\t\t\t\t\t<\/ul>\n\t\t\t\t\t\t<\/div>\n\t\t\t\t<\/div>\n\t\t\t\t\t<\/div>\n\t\t<\/div>\n\t\t\t\t<div class=\"elementor-column elementor-col-50 elementor-top-column elementor-element elementor-element-72f77d39\" data-id=\"72f77d39\" data-element_type=\"column\">\n\t\t\t<div class=\"elementor-widget-wrap elementor-element-populated\">\n\t\t\t\t\t\t<div class=\"elementor-element elementor-element-65b92497 elementor-widget elementor-widget-template\" data-id=\"65b92497\" data-element_type=\"widget\" data-widget_type=\"template.default\">\n\t\t\t\t<div class=\"elementor-widget-container\">\n\t\t\t\t\t\t\t<div class=\"elementor-template\">\n\t\t\t\t\t<div data-elementor-type=\"section\" data-elementor-id=\"244\" class=\"elementor elementor-244\" data-elementor-post-type=\"elementor_library\">\n\t\t\t\t\t<section class=\"elementor-section elementor-top-section elementor-element elementor-element-4b9424c elementor-section-boxed elementor-section-height-default elementor-section-height-default\" data-id=\"4b9424c\" data-element_type=\"section\">\n\t\t\t\t\t\t<div class=\"elementor-container elementor-column-gap-no\">\n\t\t\t\t\t<div class=\"elementor-column elementor-col-100 elementor-top-column elementor-element elementor-element-01e26ca\" data-id=\"01e26ca\" data-element_type=\"column\">\n\t\t\t<div class=\"elementor-widget-wrap elementor-element-populated\">\n\t\t\t\t\t\t<section class=\"elementor-section elementor-inner-section elementor-element elementor-element-1aa92d9 elementor-section-boxed elementor-section-height-default elementor-section-height-default\" data-id=\"1aa92d9\" data-element_type=\"section\" data-settings=\"{&quot;background_background&quot;:&quot;classic&quot;}\">\n\t\t\t\t\t\t<div class=\"elementor-container elementor-column-gap-default\">\n\t\t\t\t\t<div class=\"elementor-column elementor-col-100 elementor-inner-column elementor-element elementor-element-8bcb31e\" data-id=\"8bcb31e\" data-element_type=\"column\">\n\t\t\t<div class=\"elementor-widget-wrap elementor-element-populated\">\n\t\t\t\t\t\t<div class=\"elementor-element elementor-element-de87289 elementor-widget elementor-widget-heading\" data-id=\"de87289\" data-element_type=\"widget\" data-widget_type=\"heading.default\">\n\t\t\t\t<div class=\"elementor-widget-container\">\n\t\t\t\t\t<span class=\"elementor-heading-title elementor-size-default\">Solicite presupuesto sin compromiso<\/span>\t\t\t\t<\/div>\n\t\t\t\t<\/div>\n\t\t\t\t<div class=\"elementor-element elementor-element-c5d39b2 elementor-widget elementor-widget-text-editor\" data-id=\"c5d39b2\" data-element_type=\"widget\" data-widget_type=\"text-editor.default\">\n\t\t\t\t<div class=\"elementor-widget-container\">\n\t\t\t\t\t\t\t\t\t<p>En TRACK tenemos el servicio que se ajusta a sus necesidades.<\/p>\t\t\t\t\t\t\t\t<\/div>\n\t\t\t\t<\/div>\n\t\t\t\t<div class=\"elementor-element elementor-element-5848108 elementor-button-align-stretch elementor-widget elementor-widget-form\" data-id=\"5848108\" data-element_type=\"widget\" data-settings=\"{&quot;step_next_label&quot;:&quot;Next&quot;,&quot;step_previous_label&quot;:&quot;Previous&quot;,&quot;button_width&quot;:&quot;100&quot;,&quot;step_type&quot;:&quot;number_text&quot;,&quot;step_icon_shape&quot;:&quot;circle&quot;}\" data-widget_type=\"form.default\">\n\t\t\t\t<div class=\"elementor-widget-container\">\n\t\t\t\t\t\t\t<form class=\"elementor-form\" method=\"post\" name=\"General\">\n\t\t\t<input type=\"hidden\" name=\"post_id\" value=\"244\"\/>\n\t\t\t<input type=\"hidden\" name=\"form_id\" value=\"5848108\"\/>\n\t\t\t<input type=\"hidden\" name=\"referer_title\" value=\"Track Mantenimiento Inform\u00e1tico Integral\" \/>\n\n\t\t\t\n\t\t\t<div class=\"elementor-form-fields-wrapper elementor-labels-above\">\n\t\t\t\t\t\t\t\t<div class=\"elementor-field-type-text elementor-field-group elementor-column elementor-field-group-name elementor-col-100 elementor-field-required elementor-mark-required\">\n\t\t\t\t\t\t\t\t\t\t\t\t<label for=\"form-field-name\" class=\"elementor-field-label\">\n\t\t\t\t\t\t\t\tNombre y apellido\t\t\t\t\t\t\t<\/label>\n\t\t\t\t\t\t\t\t\t\t\t\t\t\t<input size=\"1\" type=\"text\" name=\"form_fields[name]\" id=\"form-field-name\" class=\"elementor-field elementor-size-sm  elementor-field-textual\" required=\"required\" aria-required=\"true\">\n\t\t\t\t\t\t\t\t\t\t\t<\/div>\n\t\t\t\t\t\t\t\t<div class=\"elementor-field-type-text elementor-field-group elementor-column elementor-field-group-field_38aa5de elementor-col-100\">\n\t\t\t\t\t\t\t\t\t\t\t\t<label for=\"form-field-field_38aa5de\" class=\"elementor-field-label\">\n\t\t\t\t\t\t\t\tEmpresa\t\t\t\t\t\t\t<\/label>\n\t\t\t\t\t\t\t\t\t\t\t\t\t\t<input size=\"1\" type=\"text\" name=\"form_fields[field_38aa5de]\" id=\"form-field-field_38aa5de\" class=\"elementor-field elementor-size-sm  elementor-field-textual\">\n\t\t\t\t\t\t\t\t\t\t\t<\/div>\n\t\t\t\t\t\t\t\t<div class=\"elementor-field-type-tel elementor-field-group elementor-column elementor-field-group-field_ef55a66 elementor-col-100 elementor-field-required elementor-mark-required\">\n\t\t\t\t\t\t\t\t\t\t\t\t<label for=\"form-field-field_ef55a66\" class=\"elementor-field-label\">\n\t\t\t\t\t\t\t\tTel\u00e9fono\t\t\t\t\t\t\t<\/label>\n\t\t\t\t\t\t\t\t<input size=\"1\" type=\"tel\" name=\"form_fields[field_ef55a66]\" id=\"form-field-field_ef55a66\" class=\"elementor-field elementor-size-sm  elementor-field-textual\" required=\"required\" aria-required=\"true\" pattern=\"[0-9()#&amp;+*-=.]+\" title=\"Only numbers and phone characters (#, -, *, etc) are accepted.\">\n\n\t\t\t\t\t\t<\/div>\n\t\t\t\t\t\t\t\t<div class=\"elementor-field-type-email elementor-field-group elementor-column elementor-field-group-email elementor-col-100 elementor-field-required elementor-mark-required\">\n\t\t\t\t\t\t\t\t\t\t\t\t<label for=\"form-field-email\" class=\"elementor-field-label\">\n\t\t\t\t\t\t\t\tEmail\t\t\t\t\t\t\t<\/label>\n\t\t\t\t\t\t\t\t\t\t\t\t\t\t<input size=\"1\" type=\"email\" name=\"form_fields[email]\" id=\"form-field-email\" class=\"elementor-field elementor-size-sm  elementor-field-textual\" required=\"required\" aria-required=\"true\">\n\t\t\t\t\t\t\t\t\t\t\t<\/div>\n\t\t\t\t\t\t\t\t<div class=\"elementor-field-type-textarea elementor-field-group elementor-column elementor-field-group-message elementor-col-100\">\n\t\t\t\t\t\t\t\t\t\t\t\t<label for=\"form-field-message\" class=\"elementor-field-label\">\n\t\t\t\t\t\t\t\tConsulta\t\t\t\t\t\t\t<\/label>\n\t\t\t\t\t\t<textarea class=\"elementor-field-textual elementor-field  elementor-size-sm\" name=\"form_fields[message]\" id=\"form-field-message\" rows=\"4\"><\/textarea>\t\t\t\t<\/div>\n\t\t\t\t\t\t\t\t<div class=\"elementor-field-type-acceptance elementor-field-group elementor-column elementor-field-group-field_8348eca elementor-col-100 elementor-field-required elementor-mark-required\">\n\t\t\t\t\t\t\t<div class=\"elementor-field-subgroup\">\n\t\t\t<span class=\"elementor-field-option\">\n\t\t\t\t<input type=\"checkbox\" name=\"form_fields[field_8348eca]\" id=\"form-field-field_8348eca\" class=\"elementor-field elementor-size-sm  elementor-acceptance-field\" required=\"required\" aria-required=\"true\">\n\t\t\t\t<label for=\"form-field-field_8348eca\">Acepto la pol\u00edtica de privacidad<\/label>\t\t\t<\/span>\n\t\t<\/div>\n\t\t\t\t\t\t<\/div>\n\t\t\t\t\t\t\t\t<div class=\"elementor-field-type-recaptcha_v3 elementor-field-group elementor-column elementor-field-group-field_2746ade elementor-col-100 recaptcha_v3-inline\">\n\t\t\t\t\t<div class=\"elementor-field\" id=\"form-field-field_2746ade\"><div class=\"elementor-g-recaptcha\" data-sitekey=\"6LeY8S4pAAAAADfyL8ARKQIat82C1W3izOK72dr5\" data-type=\"v3\" data-action=\"Form\" data-badge=\"inline\" data-size=\"invisible\"><\/div><\/div>\t\t\t\t<\/div>\n\t\t\t\t\t\t\t\t<div class=\"elementor-field-group elementor-column elementor-field-type-submit elementor-col-100 e-form__buttons\">\n\t\t\t\t\t<button class=\"elementor-button elementor-size-sm\" type=\"submit\">\n\t\t\t\t\t\t<span class=\"elementor-button-content-wrapper\">\n\t\t\t\t\t\t\t\t\t\t\t\t\t\t\t\t\t\t\t\t\t\t<span class=\"elementor-button-text\">ENVIAR<\/span>\n\t\t\t\t\t\t\t\t\t\t\t\t\t<\/span>\n\t\t\t\t\t<\/button>\n\t\t\t\t<\/div>\n\t\t\t<\/div>\n\t\t<\/form>\n\t\t\t\t\t\t<\/div>\n\t\t\t\t<\/div>\n\t\t\t\t\t<\/div>\n\t\t<\/div>\n\t\t\t\t\t<\/div>\n\t\t<\/section>\n\t\t\t\t\t<\/div>\n\t\t<\/div>\n\t\t\t\t\t<\/div>\n\t\t<\/section>\n\t\t\t\t<\/div>\n\t\t\t\t<\/div>\n\t\t\t\t\t\t<\/div>\n\t\t\t\t<\/div>\n\t\t\t\t\t<\/div>\n\t\t<\/div>\n\t\t\t\t\t<\/div>\n\t\t<\/section>\n\t\t\t\t<\/div>\n\t\t","protected":false},"excerpt":{"rendered":"<p>Connectivitat i estalvi, \u00e9s possible amb VPN En Track despr\u00e9s de realitzar un estudi de la infraestructura del client i de les comunicacions via Internet, optarem per una mena de VPN o un altre, aix\u00ed com el maquinari m\u00e9s adequat per a implementar aquesta VPN. TRACK sempre t\u00e9 solucions a mesura de les necessitats dels [&hellip;]<\/p>\n","protected":false},"author":1,"featured_media":0,"parent":0,"menu_order":0,"comment_status":"closed","ping_status":"closed","template":"","meta":{"footnotes":""},"class_list":["post-760","page","type-page","status-publish","hentry"],"yoast_head":"<!-- This site is optimized with the Yoast SEO plugin v24.1 - https:\/\/yoast.com\/wordpress\/plugins\/seo\/ -->\n<title>VPN&#039;s - Track Mantenimiento Inform\u00e1tico Integral<\/title>\n<meta name=\"robots\" content=\"index, follow, max-snippet:-1, max-image-preview:large, max-video-preview:-1\" \/>\n<link rel=\"canonical\" href=\"https:\/\/www.track.es\/ca\/vpns\/\" \/>\n<meta property=\"og:locale\" content=\"ca_ES\" \/>\n<meta property=\"og:type\" content=\"article\" \/>\n<meta property=\"og:title\" content=\"VPN&#039;s - Track Mantenimiento Inform\u00e1tico Integral\" \/>\n<meta property=\"og:description\" content=\"Connectivitat i estalvi, \u00e9s possible amb VPN En Track despr\u00e9s de realitzar un estudi de la infraestructura del client i de les comunicacions via Internet, optarem per una mena de VPN o un altre, aix\u00ed com el maquinari m\u00e9s adequat per a implementar aquesta VPN. TRACK sempre t\u00e9 solucions a mesura de les necessitats dels [&hellip;]\" \/>\n<meta property=\"og:url\" content=\"https:\/\/www.track.es\/ca\/vpns\/\" \/>\n<meta property=\"og:site_name\" content=\"Track Mantenimiento Inform\u00e1tico Integral\" \/>\n<meta property=\"article:modified_time\" content=\"2023-12-21T11:48:06+00:00\" \/>\n<meta property=\"og:image\" content=\"https:\/\/www.track.es\/wp-content\/uploads\/2023\/03\/vpn_track-1024x647.jpeg\" \/>\n<meta name=\"twitter:card\" content=\"summary_large_image\" \/>\n<meta name=\"twitter:label1\" content=\"Temps estimat de lectura\" \/>\n\t<meta name=\"twitter:data1\" content=\"1 minut\" \/>\n<script type=\"application\/ld+json\" class=\"yoast-schema-graph\">{\"@context\":\"https:\/\/schema.org\",\"@graph\":[{\"@type\":\"WebPage\",\"@id\":\"https:\/\/www.track.es\/ca\/vpns\/\",\"url\":\"https:\/\/www.track.es\/ca\/vpns\/\",\"name\":\"VPN's - Track Mantenimiento Inform\u00e1tico Integral\",\"isPartOf\":{\"@id\":\"https:\/\/www.track.es\/#website\"},\"primaryImageOfPage\":{\"@id\":\"https:\/\/www.track.es\/ca\/vpns\/#primaryimage\"},\"image\":{\"@id\":\"https:\/\/www.track.es\/ca\/vpns\/#primaryimage\"},\"thumbnailUrl\":\"https:\/\/www.track.es\/wp-content\/uploads\/2023\/03\/vpn_track-1024x647.jpeg\",\"datePublished\":\"2023-03-20T09:27:06+00:00\",\"dateModified\":\"2023-12-21T11:48:06+00:00\",\"breadcrumb\":{\"@id\":\"https:\/\/www.track.es\/ca\/vpns\/#breadcrumb\"},\"inLanguage\":\"ca\",\"potentialAction\":[{\"@type\":\"ReadAction\",\"target\":[\"https:\/\/www.track.es\/ca\/vpns\/\"]}]},{\"@type\":\"ImageObject\",\"inLanguage\":\"ca\",\"@id\":\"https:\/\/www.track.es\/ca\/vpns\/#primaryimage\",\"url\":\"https:\/\/www.track.es\/wp-content\/uploads\/2023\/03\/vpn_track-1024x647.jpeg\",\"contentUrl\":\"https:\/\/www.track.es\/wp-content\/uploads\/2023\/03\/vpn_track-1024x647.jpeg\"},{\"@type\":\"BreadcrumbList\",\"@id\":\"https:\/\/www.track.es\/ca\/vpns\/#breadcrumb\",\"itemListElement\":[{\"@type\":\"ListItem\",\"position\":1,\"name\":\"Portada\",\"item\":\"https:\/\/www.track.es\/ca\/inici\/\"},{\"@type\":\"ListItem\",\"position\":2,\"name\":\"VPN&#8217;s\"}]},{\"@type\":\"WebSite\",\"@id\":\"https:\/\/www.track.es\/#website\",\"url\":\"https:\/\/www.track.es\/\",\"name\":\"Track Mantenimiento Inform\u00e1tico Integral\",\"description\":\"TRACK. Soluciones profesionales para el desarrollo inform\u00e1tico a empresas. Servicios inform\u00e1ticos en Barcelona y todo el territorio nacional. Visite nuestra web.\",\"publisher\":{\"@id\":\"https:\/\/www.track.es\/#organization\"},\"potentialAction\":[{\"@type\":\"SearchAction\",\"target\":{\"@type\":\"EntryPoint\",\"urlTemplate\":\"https:\/\/www.track.es\/?s={search_term_string}\"},\"query-input\":{\"@type\":\"PropertyValueSpecification\",\"valueRequired\":true,\"valueName\":\"search_term_string\"}}],\"inLanguage\":\"ca\"},{\"@type\":\"Organization\",\"@id\":\"https:\/\/www.track.es\/#organization\",\"name\":\"Track Mantenimiento Inform\u00e1tico Integral\",\"url\":\"https:\/\/www.track.es\/\",\"logo\":{\"@type\":\"ImageObject\",\"inLanguage\":\"ca\",\"@id\":\"https:\/\/www.track.es\/#\/schema\/logo\/image\/\",\"url\":\"https:\/\/www.track.es\/wp-content\/uploads\/2023\/03\/track-mantenimiento-informatico-logo.png\",\"contentUrl\":\"https:\/\/www.track.es\/wp-content\/uploads\/2023\/03\/track-mantenimiento-informatico-logo.png\",\"width\":265,\"height\":57,\"caption\":\"Track Mantenimiento Inform\u00e1tico Integral\"},\"image\":{\"@id\":\"https:\/\/www.track.es\/#\/schema\/logo\/image\/\"}}]}<\/script>\n<!-- \/ Yoast SEO plugin. -->","yoast_head_json":{"title":"VPN's - Track Mantenimiento Inform\u00e1tico Integral","robots":{"index":"index","follow":"follow","max-snippet":"max-snippet:-1","max-image-preview":"max-image-preview:large","max-video-preview":"max-video-preview:-1"},"canonical":"https:\/\/www.track.es\/ca\/vpns\/","og_locale":"ca_ES","og_type":"article","og_title":"VPN's - Track Mantenimiento Inform\u00e1tico Integral","og_description":"Connectivitat i estalvi, \u00e9s possible amb VPN En Track despr\u00e9s de realitzar un estudi de la infraestructura del client i de les comunicacions via Internet, optarem per una mena de VPN o un altre, aix\u00ed com el maquinari m\u00e9s adequat per a implementar aquesta VPN. TRACK sempre t\u00e9 solucions a mesura de les necessitats dels [&hellip;]","og_url":"https:\/\/www.track.es\/ca\/vpns\/","og_site_name":"Track Mantenimiento Inform\u00e1tico Integral","article_modified_time":"2023-12-21T11:48:06+00:00","og_image":[{"url":"https:\/\/www.track.es\/wp-content\/uploads\/2023\/03\/vpn_track-1024x647.jpeg","type":"","width":"","height":""}],"twitter_card":"summary_large_image","twitter_misc":{"Temps estimat de lectura":"1 minut"},"schema":{"@context":"https:\/\/schema.org","@graph":[{"@type":"WebPage","@id":"https:\/\/www.track.es\/ca\/vpns\/","url":"https:\/\/www.track.es\/ca\/vpns\/","name":"VPN's - Track Mantenimiento Inform\u00e1tico Integral","isPartOf":{"@id":"https:\/\/www.track.es\/#website"},"primaryImageOfPage":{"@id":"https:\/\/www.track.es\/ca\/vpns\/#primaryimage"},"image":{"@id":"https:\/\/www.track.es\/ca\/vpns\/#primaryimage"},"thumbnailUrl":"https:\/\/www.track.es\/wp-content\/uploads\/2023\/03\/vpn_track-1024x647.jpeg","datePublished":"2023-03-20T09:27:06+00:00","dateModified":"2023-12-21T11:48:06+00:00","breadcrumb":{"@id":"https:\/\/www.track.es\/ca\/vpns\/#breadcrumb"},"inLanguage":"ca","potentialAction":[{"@type":"ReadAction","target":["https:\/\/www.track.es\/ca\/vpns\/"]}]},{"@type":"ImageObject","inLanguage":"ca","@id":"https:\/\/www.track.es\/ca\/vpns\/#primaryimage","url":"https:\/\/www.track.es\/wp-content\/uploads\/2023\/03\/vpn_track-1024x647.jpeg","contentUrl":"https:\/\/www.track.es\/wp-content\/uploads\/2023\/03\/vpn_track-1024x647.jpeg"},{"@type":"BreadcrumbList","@id":"https:\/\/www.track.es\/ca\/vpns\/#breadcrumb","itemListElement":[{"@type":"ListItem","position":1,"name":"Portada","item":"https:\/\/www.track.es\/ca\/inici\/"},{"@type":"ListItem","position":2,"name":"VPN&#8217;s"}]},{"@type":"WebSite","@id":"https:\/\/www.track.es\/#website","url":"https:\/\/www.track.es\/","name":"Track Mantenimiento Inform\u00e1tico Integral","description":"TRACK. Soluciones profesionales para el desarrollo inform\u00e1tico a empresas. Servicios inform\u00e1ticos en Barcelona y todo el territorio nacional. Visite nuestra web.","publisher":{"@id":"https:\/\/www.track.es\/#organization"},"potentialAction":[{"@type":"SearchAction","target":{"@type":"EntryPoint","urlTemplate":"https:\/\/www.track.es\/?s={search_term_string}"},"query-input":{"@type":"PropertyValueSpecification","valueRequired":true,"valueName":"search_term_string"}}],"inLanguage":"ca"},{"@type":"Organization","@id":"https:\/\/www.track.es\/#organization","name":"Track Mantenimiento Inform\u00e1tico Integral","url":"https:\/\/www.track.es\/","logo":{"@type":"ImageObject","inLanguage":"ca","@id":"https:\/\/www.track.es\/#\/schema\/logo\/image\/","url":"https:\/\/www.track.es\/wp-content\/uploads\/2023\/03\/track-mantenimiento-informatico-logo.png","contentUrl":"https:\/\/www.track.es\/wp-content\/uploads\/2023\/03\/track-mantenimiento-informatico-logo.png","width":265,"height":57,"caption":"Track Mantenimiento Inform\u00e1tico Integral"},"image":{"@id":"https:\/\/www.track.es\/#\/schema\/logo\/image\/"}}]}},"_links":{"self":[{"href":"https:\/\/www.track.es\/ca\/wp-json\/wp\/v2\/pages\/760","targetHints":{"allow":["GET"]}}],"collection":[{"href":"https:\/\/www.track.es\/ca\/wp-json\/wp\/v2\/pages"}],"about":[{"href":"https:\/\/www.track.es\/ca\/wp-json\/wp\/v2\/types\/page"}],"author":[{"embeddable":true,"href":"https:\/\/www.track.es\/ca\/wp-json\/wp\/v2\/users\/1"}],"replies":[{"embeddable":true,"href":"https:\/\/www.track.es\/ca\/wp-json\/wp\/v2\/comments?post=760"}],"version-history":[{"count":1,"href":"https:\/\/www.track.es\/ca\/wp-json\/wp\/v2\/pages\/760\/revisions"}],"predecessor-version":[{"id":761,"href":"https:\/\/www.track.es\/ca\/wp-json\/wp\/v2\/pages\/760\/revisions\/761"}],"wp:attachment":[{"href":"https:\/\/www.track.es\/ca\/wp-json\/wp\/v2\/media?parent=760"}],"curies":[{"name":"wp","href":"https:\/\/api.w.org\/{rel}","templated":true}]}}