{"id":762,"date":"2023-03-20T12:09:41","date_gmt":"2023-03-20T11:09:41","guid":{"rendered":"https:\/\/www.track.es\/sobre-nosaltres\/"},"modified":"2023-12-21T12:57:29","modified_gmt":"2023-12-21T11:57:29","slug":"sobre-nosaltres","status":"publish","type":"page","link":"https:\/\/www.track.es\/ca\/sobre-nosaltres\/","title":{"rendered":"Sobre Nosaltres"},"content":{"rendered":"\t\t<div data-elementor-type=\"wp-page\" data-elementor-id=\"762\" class=\"elementor elementor-762 elementor-510\" data-elementor-post-type=\"page\">\n\t\t\t\t\t\t<section class=\"elementor-section elementor-top-section elementor-element elementor-element-2d2173b1 elementor-section-boxed elementor-section-height-default elementor-section-height-default\" data-id=\"2d2173b1\" data-element_type=\"section\">\n\t\t\t\t\t\t<div class=\"elementor-container elementor-column-gap-default\">\n\t\t\t\t\t<div class=\"elementor-column elementor-col-100 elementor-top-column elementor-element elementor-element-650f07c8\" data-id=\"650f07c8\" data-element_type=\"column\">\n\t\t\t<div class=\"elementor-widget-wrap elementor-element-populated\">\n\t\t\t\t\t\t<div class=\"elementor-element elementor-element-68463b7e elementor-widget elementor-widget-heading\" data-id=\"68463b7e\" data-element_type=\"widget\" data-widget_type=\"heading.default\">\n\t\t\t\t<div class=\"elementor-widget-container\">\n\t\t\t\t\t<h2 class=\"elementor-heading-title elementor-size-default\">Manteniment Inform\u00e0tic<\/h2>\t\t\t\t<\/div>\n\t\t\t\t<\/div>\n\t\t\t\t<section class=\"elementor-section elementor-inner-section elementor-element elementor-element-26207b0 elementor-section-boxed elementor-section-height-default elementor-section-height-default\" data-id=\"26207b0\" data-element_type=\"section\">\n\t\t\t\t\t\t<div class=\"elementor-container elementor-column-gap-default\">\n\t\t\t\t\t<div class=\"elementor-column elementor-col-50 elementor-inner-column elementor-element elementor-element-b6565cb\" data-id=\"b6565cb\" data-element_type=\"column\">\n\t\t\t<div class=\"elementor-widget-wrap elementor-element-populated\">\n\t\t\t\t\t\t<div class=\"elementor-element elementor-element-f33ed21 elementor-widget elementor-widget-image\" data-id=\"f33ed21\" data-element_type=\"widget\" data-widget_type=\"image.default\">\n\t\t\t\t<div class=\"elementor-widget-container\">\n\t\t\t\t\t\t\t\t\t\t\t\t\t\t\t<img fetchpriority=\"high\" decoding=\"async\" width=\"624\" height=\"385\" src=\"https:\/\/www.track.es\/wp-content\/uploads\/2023\/03\/track_empresa_.jpeg\" class=\"attachment-full size-full wp-image-516\" alt=\"\" srcset=\"https:\/\/www.track.es\/wp-content\/uploads\/2023\/03\/track_empresa_.jpeg 624w, https:\/\/www.track.es\/wp-content\/uploads\/2023\/03\/track_empresa_-300x185.jpeg 300w\" sizes=\"(max-width: 624px) 100vw, 624px\" \/>\t\t\t\t\t\t\t\t\t\t\t\t\t\t\t<\/div>\n\t\t\t\t<\/div>\n\t\t\t\t\t<\/div>\n\t\t<\/div>\n\t\t\t\t<div class=\"elementor-column elementor-col-50 elementor-inner-column elementor-element elementor-element-b92544b\" data-id=\"b92544b\" data-element_type=\"column\">\n\t\t\t<div class=\"elementor-widget-wrap elementor-element-populated\">\n\t\t\t\t\t\t<div class=\"elementor-element elementor-element-6550aabc elementor-widget elementor-widget-text-editor\" data-id=\"6550aabc\" data-element_type=\"widget\" data-widget_type=\"text-editor.default\">\n\t\t\t\t<div class=\"elementor-widget-container\">\n\t\t\t\t\t\t\t\t\t<p><strong>TRACK<\/strong>, des que al 1996 inici\u00e9s la seva traject\u00f2ria com a empresa de serveis inform\u00e0tics, ha estat oferint solucions inform\u00e0tiques al mercat per a petites i mitjanes empreses.<\/p>\n<p><b>TRACK<\/b> va n\u00e9ixer per oferir un servei de manteniment inform\u00e0tic integral i ajudar les empreses a generar un negoci m\u00e9s gran i millor.<\/p>\n<p>\u00c9s la nostra missi\u00f3 i ens esforcem cada dia per aconseguir-ho; sent la fidelitat dels nostres clients la nostra principal satisfacci\u00f3 i l&#8217;est\u00edmul per a tot l&#8217;equip de <b>TRACK<\/b><b>.<\/b><\/p>\n<p><b>TRACK<\/b> sempre actualitza i incorpora els serveis fonamentals adaptant-se als constants canvis.<\/p>\n<p>Incorpora un nou servei de <b>Cloud Computing<\/b> i beneficia&#8217;t de les avantatges de tenir tota la informaci\u00f3 a &#8220;<b>la n\u00favol<\/b>&#8221; i de forma totalment segura.<\/p>\n\t\t\t\t\t\t\t\t<\/div>\n\t\t\t\t<\/div>\n\t\t\t\t\t<\/div>\n\t\t<\/div>\n\t\t\t\t\t<\/div>\n\t\t<\/section>\n\t\t\t\t<div class=\"elementor-element elementor-element-0e28250 elementor-widget-divider--view-line elementor-widget elementor-widget-divider\" data-id=\"0e28250\" data-element_type=\"widget\" data-widget_type=\"divider.default\">\n\t\t\t\t<div class=\"elementor-widget-container\">\n\t\t\t\t\t\t\t<div class=\"elementor-divider\">\n\t\t\t<span class=\"elementor-divider-separator\">\n\t\t\t\t\t\t<\/span>\n\t\t<\/div>\n\t\t\t\t\t\t<\/div>\n\t\t\t\t<\/div>\n\t\t\t\t<div class=\"elementor-element elementor-element-e6a1469 elementor-widget elementor-widget-heading\" data-id=\"e6a1469\" data-element_type=\"widget\" data-widget_type=\"heading.default\">\n\t\t\t\t<div class=\"elementor-widget-container\">\n\t\t\t\t\t<h3 class=\"elementor-heading-title elementor-size-default\">Som la soluci\u00f3 professional per al desenvolupament inform\u00e0tic de la seva empresa. Implementem, assessorem i mantenim projectes tecnol\u00f2gics inform\u00e0tics.\n\n<\/h3>\t\t\t\t<\/div>\n\t\t\t\t<\/div>\n\t\t\t\t<div class=\"elementor-element elementor-element-24b2c0d elementor-widget-divider--view-line elementor-widget elementor-widget-divider\" data-id=\"24b2c0d\" data-element_type=\"widget\" data-widget_type=\"divider.default\">\n\t\t\t\t<div class=\"elementor-widget-container\">\n\t\t\t\t\t\t\t<div class=\"elementor-divider\">\n\t\t\t<span class=\"elementor-divider-separator\">\n\t\t\t\t\t\t<\/span>\n\t\t<\/div>\n\t\t\t\t\t\t<\/div>\n\t\t\t\t<\/div>\n\t\t\t\t<div class=\"elementor-element elementor-element-bd5d697 elementor-widget elementor-widget-text-editor\" data-id=\"bd5d697\" data-element_type=\"widget\" data-widget_type=\"text-editor.default\">\n\t\t\t\t<div class=\"elementor-widget-container\">\n\t\t\t\t\t\t\t\t\t<p>L&#8217;actiu de TRACK \u00e9s la plantilla de professionals en continu proc\u00e9s de formaci\u00f3 i el valor afegit d&#8217;aquesta \u00e9s l&#8217;experi\u00e8ncia acumulada al llarg dels anys gr\u00e0cies als projectes realitzats.<\/p>\n<p>La nostra meta \u00e9s l&#8217;exig\u00e8ncia, el rigor i la millora cont\u00ednua, tant en la feina ben feta com en la satisfacci\u00f3 del client, per aconseguir aix\u00ed alts nivells d&#8217;excel\u00b7l\u00e8ncia.<\/p>\n<p>A TRACK disposem de personal qualificat per realitzar el manteniment de tots els seus equips. Ens adaptem a les seves necessitats sigui quin sigui la grand\u00e0ria de la seva empresa. <\/p>\n\t\t\t\t\t\t\t\t<\/div>\n\t\t\t\t<\/div>\n\t\t\t\t<div class=\"elementor-element elementor-element-9b9459a elementor-cta--valign-middle elementor-cta--skin-classic elementor-animated-content elementor-bg-transform elementor-bg-transform-zoom-in elementor-widget elementor-widget-call-to-action\" data-id=\"9b9459a\" data-element_type=\"widget\" data-widget_type=\"call-to-action.default\">\n\t\t\t\t<div class=\"elementor-widget-container\">\n\t\t\t\t\t\t\t<div class=\"elementor-cta\">\n\t\t\t\t\t\t\t<div class=\"elementor-cta__content\">\n\t\t\t\t\n\t\t\t\t\t\t\t\t\t<h3 class=\"elementor-cta__title elementor-cta__content-item elementor-content-item\">\n\t\t\t\t\t\tContacta amb nosaltres\t\t\t\t\t<\/h3>\n\t\t\t\t\n\t\t\t\t\t\t\t\t\t<div class=\"elementor-cta__description elementor-cta__content-item elementor-content-item\">\n\t\t\t\t\t\t<p>Un simple clic i descobrir\u00e0 una empresa dedicada al servei inform\u00e0tic integral que la seva empresa necessita.<\/p>\n\t\t\t\t\t<\/div>\n\t\t\t\t\n\t\t\t\t\t\t\t\t\t<div class=\"elementor-cta__button-wrapper elementor-cta__content-item elementor-content-item \">\n\t\t\t\t\t<a class=\"elementor-cta__button elementor-button elementor-size-\" href=\"https:\/\/www.track.es\/ca\/contacte\/\">\n\t\t\t\t\t\tContactar\t\t\t\t\t<\/a>\n\t\t\t\t\t<\/div>\n\t\t\t\t\t\t\t<\/div>\n\t\t\t\t\t\t<\/div>\n\t\t\t\t\t\t<\/div>\n\t\t\t\t<\/div>\n\t\t\t\t\t<\/div>\n\t\t<\/div>\n\t\t\t\t\t<\/div>\n\t\t<\/section>\n\t\t\t\t<\/div>\n\t\t","protected":false},"excerpt":{"rendered":"<p>Manteniment Inform\u00e0tic TRACK, des que al 1996 inici\u00e9s la seva traject\u00f2ria com a empresa de serveis inform\u00e0tics, ha estat oferint solucions inform\u00e0tiques al mercat per a petites i mitjanes empreses. TRACK va n\u00e9ixer per oferir un servei de manteniment inform\u00e0tic integral i ajudar les empreses a generar un negoci m\u00e9s gran i millor. \u00c9s la [&hellip;]<\/p>\n","protected":false},"author":1,"featured_media":0,"parent":0,"menu_order":0,"comment_status":"closed","ping_status":"closed","template":"","meta":{"footnotes":""},"class_list":["post-762","page","type-page","status-publish","hentry"],"yoast_head":"<!-- This site is optimized with the Yoast SEO plugin v24.1 - https:\/\/yoast.com\/wordpress\/plugins\/seo\/ -->\n<title>Sobre Nosaltres - Track Mantenimiento Inform\u00e1tico Integral<\/title>\n<meta name=\"robots\" content=\"index, follow, max-snippet:-1, max-image-preview:large, max-video-preview:-1\" \/>\n<link rel=\"canonical\" href=\"https:\/\/www.track.es\/ca\/sobre-nosaltres\/\" \/>\n<meta property=\"og:locale\" content=\"ca_ES\" \/>\n<meta property=\"og:type\" content=\"article\" \/>\n<meta property=\"og:title\" content=\"Sobre Nosaltres - Track Mantenimiento Inform\u00e1tico Integral\" \/>\n<meta property=\"og:description\" content=\"Manteniment Inform\u00e0tic TRACK, des que al 1996 inici\u00e9s la seva traject\u00f2ria com a empresa de serveis inform\u00e0tics, ha estat oferint solucions inform\u00e0tiques al mercat per a petites i mitjanes empreses. TRACK va n\u00e9ixer per oferir un servei de manteniment inform\u00e0tic integral i ajudar les empreses a generar un negoci m\u00e9s gran i millor. \u00c9s la [&hellip;]\" \/>\n<meta property=\"og:url\" content=\"https:\/\/www.track.es\/ca\/sobre-nosaltres\/\" \/>\n<meta property=\"og:site_name\" content=\"Track Mantenimiento Inform\u00e1tico Integral\" \/>\n<meta property=\"article:modified_time\" content=\"2023-12-21T11:57:29+00:00\" \/>\n<meta property=\"og:image\" content=\"https:\/\/www.track.es\/wp-content\/uploads\/2023\/03\/track_empresa_.jpeg\" \/>\n<meta name=\"twitter:card\" content=\"summary_large_image\" \/>\n<meta name=\"twitter:label1\" content=\"Temps estimat de lectura\" \/>\n\t<meta name=\"twitter:data1\" content=\"1 minut\" \/>\n<script type=\"application\/ld+json\" class=\"yoast-schema-graph\">{\"@context\":\"https:\/\/schema.org\",\"@graph\":[{\"@type\":\"WebPage\",\"@id\":\"https:\/\/www.track.es\/ca\/sobre-nosaltres\/\",\"url\":\"https:\/\/www.track.es\/ca\/sobre-nosaltres\/\",\"name\":\"Sobre Nosaltres - Track Mantenimiento Inform\u00e1tico Integral\",\"isPartOf\":{\"@id\":\"https:\/\/www.track.es\/#website\"},\"primaryImageOfPage\":{\"@id\":\"https:\/\/www.track.es\/ca\/sobre-nosaltres\/#primaryimage\"},\"image\":{\"@id\":\"https:\/\/www.track.es\/ca\/sobre-nosaltres\/#primaryimage\"},\"thumbnailUrl\":\"https:\/\/www.track.es\/wp-content\/uploads\/2023\/03\/track_empresa_.jpeg\",\"datePublished\":\"2023-03-20T11:09:41+00:00\",\"dateModified\":\"2023-12-21T11:57:29+00:00\",\"breadcrumb\":{\"@id\":\"https:\/\/www.track.es\/ca\/sobre-nosaltres\/#breadcrumb\"},\"inLanguage\":\"ca\",\"potentialAction\":[{\"@type\":\"ReadAction\",\"target\":[\"https:\/\/www.track.es\/ca\/sobre-nosaltres\/\"]}]},{\"@type\":\"ImageObject\",\"inLanguage\":\"ca\",\"@id\":\"https:\/\/www.track.es\/ca\/sobre-nosaltres\/#primaryimage\",\"url\":\"https:\/\/www.track.es\/wp-content\/uploads\/2023\/03\/track_empresa_.jpeg\",\"contentUrl\":\"https:\/\/www.track.es\/wp-content\/uploads\/2023\/03\/track_empresa_.jpeg\"},{\"@type\":\"BreadcrumbList\",\"@id\":\"https:\/\/www.track.es\/ca\/sobre-nosaltres\/#breadcrumb\",\"itemListElement\":[{\"@type\":\"ListItem\",\"position\":1,\"name\":\"Portada\",\"item\":\"https:\/\/www.track.es\/ca\/inici\/\"},{\"@type\":\"ListItem\",\"position\":2,\"name\":\"Sobre Nosaltres\"}]},{\"@type\":\"WebSite\",\"@id\":\"https:\/\/www.track.es\/#website\",\"url\":\"https:\/\/www.track.es\/\",\"name\":\"Track Mantenimiento Inform\u00e1tico Integral\",\"description\":\"TRACK. Soluciones profesionales para el desarrollo inform\u00e1tico a empresas. Servicios inform\u00e1ticos en Barcelona y todo el territorio nacional. Visite nuestra web.\",\"publisher\":{\"@id\":\"https:\/\/www.track.es\/#organization\"},\"potentialAction\":[{\"@type\":\"SearchAction\",\"target\":{\"@type\":\"EntryPoint\",\"urlTemplate\":\"https:\/\/www.track.es\/?s={search_term_string}\"},\"query-input\":{\"@type\":\"PropertyValueSpecification\",\"valueRequired\":true,\"valueName\":\"search_term_string\"}}],\"inLanguage\":\"ca\"},{\"@type\":\"Organization\",\"@id\":\"https:\/\/www.track.es\/#organization\",\"name\":\"Track Mantenimiento Inform\u00e1tico Integral\",\"url\":\"https:\/\/www.track.es\/\",\"logo\":{\"@type\":\"ImageObject\",\"inLanguage\":\"ca\",\"@id\":\"https:\/\/www.track.es\/#\/schema\/logo\/image\/\",\"url\":\"https:\/\/www.track.es\/wp-content\/uploads\/2023\/03\/track-mantenimiento-informatico-logo.png\",\"contentUrl\":\"https:\/\/www.track.es\/wp-content\/uploads\/2023\/03\/track-mantenimiento-informatico-logo.png\",\"width\":265,\"height\":57,\"caption\":\"Track Mantenimiento Inform\u00e1tico Integral\"},\"image\":{\"@id\":\"https:\/\/www.track.es\/#\/schema\/logo\/image\/\"}}]}<\/script>\n<!-- \/ Yoast SEO plugin. -->","yoast_head_json":{"title":"Sobre Nosaltres - Track Mantenimiento Inform\u00e1tico Integral","robots":{"index":"index","follow":"follow","max-snippet":"max-snippet:-1","max-image-preview":"max-image-preview:large","max-video-preview":"max-video-preview:-1"},"canonical":"https:\/\/www.track.es\/ca\/sobre-nosaltres\/","og_locale":"ca_ES","og_type":"article","og_title":"Sobre Nosaltres - Track Mantenimiento Inform\u00e1tico Integral","og_description":"Manteniment Inform\u00e0tic TRACK, des que al 1996 inici\u00e9s la seva traject\u00f2ria com a empresa de serveis inform\u00e0tics, ha estat oferint solucions inform\u00e0tiques al mercat per a petites i mitjanes empreses. TRACK va n\u00e9ixer per oferir un servei de manteniment inform\u00e0tic integral i ajudar les empreses a generar un negoci m\u00e9s gran i millor. \u00c9s la [&hellip;]","og_url":"https:\/\/www.track.es\/ca\/sobre-nosaltres\/","og_site_name":"Track Mantenimiento Inform\u00e1tico Integral","article_modified_time":"2023-12-21T11:57:29+00:00","og_image":[{"url":"https:\/\/www.track.es\/wp-content\/uploads\/2023\/03\/track_empresa_.jpeg","type":"","width":"","height":""}],"twitter_card":"summary_large_image","twitter_misc":{"Temps estimat de lectura":"1 minut"},"schema":{"@context":"https:\/\/schema.org","@graph":[{"@type":"WebPage","@id":"https:\/\/www.track.es\/ca\/sobre-nosaltres\/","url":"https:\/\/www.track.es\/ca\/sobre-nosaltres\/","name":"Sobre Nosaltres - Track Mantenimiento Inform\u00e1tico Integral","isPartOf":{"@id":"https:\/\/www.track.es\/#website"},"primaryImageOfPage":{"@id":"https:\/\/www.track.es\/ca\/sobre-nosaltres\/#primaryimage"},"image":{"@id":"https:\/\/www.track.es\/ca\/sobre-nosaltres\/#primaryimage"},"thumbnailUrl":"https:\/\/www.track.es\/wp-content\/uploads\/2023\/03\/track_empresa_.jpeg","datePublished":"2023-03-20T11:09:41+00:00","dateModified":"2023-12-21T11:57:29+00:00","breadcrumb":{"@id":"https:\/\/www.track.es\/ca\/sobre-nosaltres\/#breadcrumb"},"inLanguage":"ca","potentialAction":[{"@type":"ReadAction","target":["https:\/\/www.track.es\/ca\/sobre-nosaltres\/"]}]},{"@type":"ImageObject","inLanguage":"ca","@id":"https:\/\/www.track.es\/ca\/sobre-nosaltres\/#primaryimage","url":"https:\/\/www.track.es\/wp-content\/uploads\/2023\/03\/track_empresa_.jpeg","contentUrl":"https:\/\/www.track.es\/wp-content\/uploads\/2023\/03\/track_empresa_.jpeg"},{"@type":"BreadcrumbList","@id":"https:\/\/www.track.es\/ca\/sobre-nosaltres\/#breadcrumb","itemListElement":[{"@type":"ListItem","position":1,"name":"Portada","item":"https:\/\/www.track.es\/ca\/inici\/"},{"@type":"ListItem","position":2,"name":"Sobre Nosaltres"}]},{"@type":"WebSite","@id":"https:\/\/www.track.es\/#website","url":"https:\/\/www.track.es\/","name":"Track Mantenimiento Inform\u00e1tico Integral","description":"TRACK. Soluciones profesionales para el desarrollo inform\u00e1tico a empresas. Servicios inform\u00e1ticos en Barcelona y todo el territorio nacional. Visite nuestra web.","publisher":{"@id":"https:\/\/www.track.es\/#organization"},"potentialAction":[{"@type":"SearchAction","target":{"@type":"EntryPoint","urlTemplate":"https:\/\/www.track.es\/?s={search_term_string}"},"query-input":{"@type":"PropertyValueSpecification","valueRequired":true,"valueName":"search_term_string"}}],"inLanguage":"ca"},{"@type":"Organization","@id":"https:\/\/www.track.es\/#organization","name":"Track Mantenimiento Inform\u00e1tico Integral","url":"https:\/\/www.track.es\/","logo":{"@type":"ImageObject","inLanguage":"ca","@id":"https:\/\/www.track.es\/#\/schema\/logo\/image\/","url":"https:\/\/www.track.es\/wp-content\/uploads\/2023\/03\/track-mantenimiento-informatico-logo.png","contentUrl":"https:\/\/www.track.es\/wp-content\/uploads\/2023\/03\/track-mantenimiento-informatico-logo.png","width":265,"height":57,"caption":"Track Mantenimiento Inform\u00e1tico Integral"},"image":{"@id":"https:\/\/www.track.es\/#\/schema\/logo\/image\/"}}]}},"_links":{"self":[{"href":"https:\/\/www.track.es\/ca\/wp-json\/wp\/v2\/pages\/762","targetHints":{"allow":["GET"]}}],"collection":[{"href":"https:\/\/www.track.es\/ca\/wp-json\/wp\/v2\/pages"}],"about":[{"href":"https:\/\/www.track.es\/ca\/wp-json\/wp\/v2\/types\/page"}],"author":[{"embeddable":true,"href":"https:\/\/www.track.es\/ca\/wp-json\/wp\/v2\/users\/1"}],"replies":[{"embeddable":true,"href":"https:\/\/www.track.es\/ca\/wp-json\/wp\/v2\/comments?post=762"}],"version-history":[{"count":2,"href":"https:\/\/www.track.es\/ca\/wp-json\/wp\/v2\/pages\/762\/revisions"}],"predecessor-version":[{"id":771,"href":"https:\/\/www.track.es\/ca\/wp-json\/wp\/v2\/pages\/762\/revisions\/771"}],"wp:attachment":[{"href":"https:\/\/www.track.es\/ca\/wp-json\/wp\/v2\/media?parent=762"}],"curies":[{"name":"wp","href":"https:\/\/api.w.org\/{rel}","templated":true}]}}